{"id":8727,"date":"2024-07-22T17:32:57","date_gmt":"2024-07-22T17:32:57","guid":{"rendered":"https:\/\/adelgazachile.com\/chile\/?post_type=product&#038;p=8727"},"modified":"2024-07-22T17:33:47","modified_gmt":"2024-07-22T17:33:47","slug":"cafe-verde-green-coffee-100-capsulas-x-500-mg","status":"publish","type":"product","link":"https:\/\/adelgazachile.com\/chile\/producto\/cafe-verde-green-coffee-100-capsulas-x-500-mg\/","title":{"rendered":"Caf\u00e9 verde \u2013 green coffee (100 c\u00e1psulas x 500 mg)"},"content":{"rendered":"","protected":false},"excerpt":{"rendered":"<p><span style=\"color: #f23353;\"><strong>Descripci\u00f3n (usos recomendados):<\/strong><\/span><\/p>\n<ul>\n<li>Es b\u00e1sicamente el caf\u00e9 sin tostar que mantiene el \u00e1cido clorog\u00e9nico, el cual ayuda a inhibir el apetito y convertir las grasas en energ\u00eda, adem\u00e1s aumenta la actividad lipol\u00edtica encargada de la regulaci\u00f3n de las grasas.<\/li>\n<\/ul>\n<p><span style=\"color: #f23353;\"><strong>Ingredientes o Composici\u00f3n:<\/strong><\/span><\/p>\n<ul>\n<li>Cada c\u00e1psula contiene 500 mg de 100% puro Caf\u00e9 Verde pulverizado \u00c1cido Clorog\u00e9nico).<\/li>\n<\/ul>\n<p><span style=\"color: #f23353;\"><strong>Formas de uso:<\/strong><\/span><\/p>\n<ul>\n<li>Se recomienda ingerir 2 a 3 c\u00e1psulas al d\u00eda, de preferencia antes de los alimentos.<\/li>\n<\/ul>\n<p><span style=\"color: #f23353;\"><strong>Advertencias y cuidados:<\/strong><\/span><\/p>\n<ul>\n<li>Evitar su consumo en mujeres embarazadas o en per\u00edodo de lactancia.<\/li>\n<li>Evitar su consumo en personas con enfermedades card\u00edacas.<\/li>\n<li>Evitar su consumo en personas con enfermedades renales.<\/li>\n<li>Mantener el envase bien cerrado. Conservar en lugar fresco y seco. Proteger de la luz.<\/li>\n<\/ul>\n<p><span style=\"color: #f23353;\"><strong>Recuerda:<\/strong><\/span><\/p>\n<p>Las indicaciones en esta p\u00e1gina son de car\u00e1cter informativo y las sugerencias de uso provienen de cada fabricante (Enatural se exime de toda responsabilidad por el mal uso de los productos). Esta informaci\u00f3n no debe usarse para sustituir la ayuda m\u00e9dica profesional, una dieta equilibrada, ni para para diagnosticar, curar o prevenir un problema de salud. Si es la primera vez que vas a consumir este producto, si tienes dudas, o si tu caso no est\u00e1 diagnosticado, por favor, consulta antes a un nutricionista o a tu m\u00e9dico para evitar posibles contraindicaciones. \u00a1Gracias!<\/p>\n","protected":false},"featured_media":8778,"comment_status":"open","ping_status":"closed","template":"","meta":{"_joinchat":[]},"product_cat":[130,134],"product_tag":[],"class_list":{"0":"post-8727","1":"product","2":"type-product","3":"status-publish","4":"has-post-thumbnail","6":"product_cat-promocion","7":"product_cat-quemadores-y-aceleradores-de-metabolismo","10":"instock","11":"shipping-taxable","12":"purchasable","13":"product-type-simple"},"yoast_head":"<!-- This site is optimized with the Yoast SEO Premium plugin v22.2 (Yoast SEO v23.9) - https:\/\/yoast.com\/wordpress\/plugins\/seo\/ -->\n<title>Caf\u00e9 verde \u2013 green coffee (100 c\u00e1psulas x 500 mg) - Adelgaza Chile<\/title>\n<meta name=\"robots\" content=\"index, follow, max-snippet:-1, max-image-preview:large, max-video-preview:-1\" \/>\n<link rel=\"canonical\" href=\"https:\/\/adelgazachile.com\/chile\/producto\/cafe-verde-green-coffee-100-capsulas-x-500-mg\/\" \/>\n<meta property=\"og:locale\" content=\"es_ES\" \/>\n<meta property=\"og:type\" content=\"article\" \/>\n<meta property=\"og:title\" content=\"Caf\u00e9 verde \u2013 green coffee (100 c\u00e1psulas x 500 mg)\" \/>\n<meta property=\"og:description\" content=\"Descripci\u00f3n (usos recomendados):   Es b\u00e1sicamente el caf\u00e9 sin tostar que mantiene el \u00e1cido clorog\u00e9nico, el cual ayuda a inhibir el apetito y convertir las grasas en energ\u00eda, adem\u00e1s aumenta la actividad lipol\u00edtica encargada de la regulaci\u00f3n de las grasas.  Ingredientes o Composici\u00f3n:   Cada c\u00e1psula contiene 500 mg de 100% puro Caf\u00e9 Verde pulverizado \u00c1cido Clorog\u00e9nico).  Formas de uso:   Se recomienda ingerir 2 a 3 c\u00e1psulas al d\u00eda, de preferencia antes de los alimentos.  Advertencias y cuidados:   Evitar su consumo en mujeres embarazadas o en per\u00edodo de lactancia.  Evitar su consumo en personas con enfermedades card\u00edacas.  Evitar su consumo en personas con enfermedades renales.  Mantener el envase bien cerrado. Conservar en lugar fresco y seco. Proteger de la luz.  Recuerda:  Las indicaciones en esta p\u00e1gina son de car\u00e1cter informativo y las sugerencias de uso provienen de cada fabricante (Enatural se exime de toda responsabilidad por el mal uso de los productos). Esta informaci\u00f3n no debe usarse para sustituir la ayuda m\u00e9dica profesional, una dieta equilibrada, ni para para diagnosticar, curar o prevenir un problema de salud. Si es la primera vez que vas a consumir este producto, si tienes dudas, o si tu caso no est\u00e1 diagnosticado, por favor, consulta antes a un nutricionista o a tu m\u00e9dico para evitar posibles contraindicaciones. \u00a1Gracias!\" \/>\n<meta property=\"og:url\" content=\"https:\/\/adelgazachile.com\/chile\/producto\/cafe-verde-green-coffee-100-capsulas-x-500-mg\/\" \/>\n<meta property=\"og:site_name\" content=\"Adelgaza Chile\" \/>\n<meta property=\"article:publisher\" content=\"https:\/\/www.facebook.com\/AdelgazaPeruOficial\" \/>\n<meta property=\"article:modified_time\" content=\"2024-07-22T17:33:47+00:00\" \/>\n<meta property=\"og:image\" content=\"https:\/\/adelgazachile.com\/chile\/adelgazaperu\/http:\/\/adelgazachile.com\/chile\/adelgazaperu\/wp-content\/uploads\/2024\/07\/te-verdecafe.jpg\" \/>\n\t<meta property=\"og:image:width\" content=\"1024\" \/>\n\t<meta property=\"og:image:height\" content=\"1024\" \/>\n\t<meta property=\"og:image:type\" content=\"image\/jpeg\" \/>\n<meta name=\"twitter:card\" content=\"summary_large_image\" \/>\n<script type=\"application\/ld+json\" class=\"yoast-schema-graph\">{\"@context\":\"https:\/\/schema.org\",\"@graph\":[{\"@type\":\"WebPage\",\"@id\":\"https:\/\/adelgazachile.com\/chile\/producto\/cafe-verde-green-coffee-100-capsulas-x-500-mg\/\",\"url\":\"https:\/\/adelgazachile.com\/chile\/producto\/cafe-verde-green-coffee-100-capsulas-x-500-mg\/\",\"name\":\"Caf\u00e9 verde \u2013 green coffee (100 c\u00e1psulas x 500 mg) - Adelgaza Chile\",\"isPartOf\":{\"@id\":\"https:\/\/adelgazachile.com\/chile\/#website\"},\"primaryImageOfPage\":{\"@id\":\"https:\/\/adelgazachile.com\/chile\/producto\/cafe-verde-green-coffee-100-capsulas-x-500-mg\/#primaryimage\"},\"image\":{\"@id\":\"https:\/\/adelgazachile.com\/chile\/producto\/cafe-verde-green-coffee-100-capsulas-x-500-mg\/#primaryimage\"},\"thumbnailUrl\":\"https:\/\/adelgazachile.com\/chile\/wp-content\/uploads\/2024\/07\/te-verdecafe.jpg\",\"datePublished\":\"2024-07-22T17:32:57+00:00\",\"dateModified\":\"2024-07-22T17:33:47+00:00\",\"breadcrumb\":{\"@id\":\"https:\/\/adelgazachile.com\/chile\/producto\/cafe-verde-green-coffee-100-capsulas-x-500-mg\/#breadcrumb\"},\"inLanguage\":\"es\",\"potentialAction\":[{\"@type\":\"ReadAction\",\"target\":[\"https:\/\/adelgazachile.com\/chile\/producto\/cafe-verde-green-coffee-100-capsulas-x-500-mg\/\"]}]},{\"@type\":\"ImageObject\",\"inLanguage\":\"es\",\"@id\":\"https:\/\/adelgazachile.com\/chile\/producto\/cafe-verde-green-coffee-100-capsulas-x-500-mg\/#primaryimage\",\"url\":\"https:\/\/adelgazachile.com\/chile\/wp-content\/uploads\/2024\/07\/te-verdecafe.jpg\",\"contentUrl\":\"https:\/\/adelgazachile.com\/chile\/wp-content\/uploads\/2024\/07\/te-verdecafe.jpg\",\"width\":1024,\"height\":1024},{\"@type\":\"BreadcrumbList\",\"@id\":\"https:\/\/adelgazachile.com\/chile\/producto\/cafe-verde-green-coffee-100-capsulas-x-500-mg\/#breadcrumb\",\"itemListElement\":[{\"@type\":\"ListItem\",\"position\":1,\"name\":\"Portada\",\"item\":\"https:\/\/adelgazachile.com\/chile\/\"},{\"@type\":\"ListItem\",\"position\":2,\"name\":\"Tienda\",\"item\":\"https:\/\/adelgazachile.com\/chile\/tienda\/\"},{\"@type\":\"ListItem\",\"position\":3,\"name\":\"Caf\u00e9 verde \u2013 green coffee (100 c\u00e1psulas x 500 mg)\"}]},{\"@type\":\"WebSite\",\"@id\":\"https:\/\/adelgazachile.com\/chile\/#website\",\"url\":\"https:\/\/adelgazachile.com\/chile\/\",\"name\":\"Adelgaza Per\u00fa\",\"description\":\"Personas que ayudan Personas\",\"publisher\":{\"@id\":\"https:\/\/adelgazachile.com\/chile\/#organization\"},\"potentialAction\":[{\"@type\":\"SearchAction\",\"target\":{\"@type\":\"EntryPoint\",\"urlTemplate\":\"https:\/\/adelgazachile.com\/chile\/?s={search_term_string}\"},\"query-input\":{\"@type\":\"PropertyValueSpecification\",\"valueRequired\":true,\"valueName\":\"search_term_string\"}}],\"inLanguage\":\"es\"},{\"@type\":\"Organization\",\"@id\":\"https:\/\/adelgazachile.com\/chile\/#organization\",\"name\":\"Adelgaza Per\u00fa\",\"url\":\"https:\/\/adelgazachile.com\/chile\/\",\"logo\":{\"@type\":\"ImageObject\",\"inLanguage\":\"es\",\"@id\":\"https:\/\/adelgazachile.com\/chile\/#\/schema\/logo\/image\/\",\"url\":\"https:\/\/adelgazachile.com\/chile\/wp-content\/uploads\/2020\/10\/logo1.png\",\"contentUrl\":\"https:\/\/adelgazachile.com\/chile\/wp-content\/uploads\/2020\/10\/logo1.png\",\"width\":2683,\"height\":970,\"caption\":\"Adelgaza Per\u00fa\"},\"image\":{\"@id\":\"https:\/\/adelgazachile.com\/chile\/#\/schema\/logo\/image\/\"},\"sameAs\":[\"https:\/\/www.facebook.com\/AdelgazaPeruOficial\",\"https:\/\/www.instagram.com\/adelgazaperuoficial\/\",\"https:\/\/www.youtube.com\/c\/AdelgazaPerOficial\",\"https:\/\/www.tiktok.com\/@adelgazaperuoficial\"],\"description\":\"Adelgaza Per\u00fa con 8 a\u00f1os de trayectoria ofrece soluciones personalizadas para la p\u00e9rdida de peso, ayudando a miles de personas a alcanzar sus metas de manera efectiva.\",\"email\":\"calidad@adelgazaperu.pe\",\"telephone\":\"01 7397149\",\"legalName\":\"Adelgaza Per\u00fa\"}]}<\/script>\n<!-- \/ Yoast SEO Premium plugin. -->","yoast_head_json":{"title":"Caf\u00e9 verde \u2013 green coffee (100 c\u00e1psulas x 500 mg) - Adelgaza Chile","robots":{"index":"index","follow":"follow","max-snippet":"max-snippet:-1","max-image-preview":"max-image-preview:large","max-video-preview":"max-video-preview:-1"},"canonical":"https:\/\/adelgazachile.com\/chile\/producto\/cafe-verde-green-coffee-100-capsulas-x-500-mg\/","og_locale":"es_ES","og_type":"article","og_title":"Caf\u00e9 verde \u2013 green coffee (100 c\u00e1psulas x 500 mg)","og_description":"Descripci\u00f3n (usos recomendados):   Es b\u00e1sicamente el caf\u00e9 sin tostar que mantiene el \u00e1cido clorog\u00e9nico, el cual ayuda a inhibir el apetito y convertir las grasas en energ\u00eda, adem\u00e1s aumenta la actividad lipol\u00edtica encargada de la regulaci\u00f3n de las grasas.  Ingredientes o Composici\u00f3n:   Cada c\u00e1psula contiene 500 mg de 100% puro Caf\u00e9 Verde pulverizado \u00c1cido Clorog\u00e9nico).  Formas de uso:   Se recomienda ingerir 2 a 3 c\u00e1psulas al d\u00eda, de preferencia antes de los alimentos.  Advertencias y cuidados:   Evitar su consumo en mujeres embarazadas o en per\u00edodo de lactancia.  Evitar su consumo en personas con enfermedades card\u00edacas.  Evitar su consumo en personas con enfermedades renales.  Mantener el envase bien cerrado. Conservar en lugar fresco y seco. Proteger de la luz.  Recuerda:  Las indicaciones en esta p\u00e1gina son de car\u00e1cter informativo y las sugerencias de uso provienen de cada fabricante (Enatural se exime de toda responsabilidad por el mal uso de los productos). Esta informaci\u00f3n no debe usarse para sustituir la ayuda m\u00e9dica profesional, una dieta equilibrada, ni para para diagnosticar, curar o prevenir un problema de salud. Si es la primera vez que vas a consumir este producto, si tienes dudas, o si tu caso no est\u00e1 diagnosticado, por favor, consulta antes a un nutricionista o a tu m\u00e9dico para evitar posibles contraindicaciones. \u00a1Gracias!","og_url":"https:\/\/adelgazachile.com\/chile\/producto\/cafe-verde-green-coffee-100-capsulas-x-500-mg\/","og_site_name":"Adelgaza Chile","article_publisher":"https:\/\/www.facebook.com\/AdelgazaPeruOficial","article_modified_time":"2024-07-22T17:33:47+00:00","og_image":[{"width":1024,"height":1024,"url":"https:\/\/adelgazachile.com\/chile\/adelgazaperu\/http:\/\/adelgazachile.com\/chile\/adelgazaperu\/wp-content\/uploads\/2024\/07\/te-verdecafe.jpg","type":"image\/jpeg"}],"twitter_card":"summary_large_image","schema":{"@context":"https:\/\/schema.org","@graph":[{"@type":"WebPage","@id":"https:\/\/adelgazachile.com\/chile\/producto\/cafe-verde-green-coffee-100-capsulas-x-500-mg\/","url":"https:\/\/adelgazachile.com\/chile\/producto\/cafe-verde-green-coffee-100-capsulas-x-500-mg\/","name":"Caf\u00e9 verde \u2013 green coffee (100 c\u00e1psulas x 500 mg) - Adelgaza Chile","isPartOf":{"@id":"https:\/\/adelgazachile.com\/chile\/#website"},"primaryImageOfPage":{"@id":"https:\/\/adelgazachile.com\/chile\/producto\/cafe-verde-green-coffee-100-capsulas-x-500-mg\/#primaryimage"},"image":{"@id":"https:\/\/adelgazachile.com\/chile\/producto\/cafe-verde-green-coffee-100-capsulas-x-500-mg\/#primaryimage"},"thumbnailUrl":"https:\/\/adelgazachile.com\/chile\/wp-content\/uploads\/2024\/07\/te-verdecafe.jpg","datePublished":"2024-07-22T17:32:57+00:00","dateModified":"2024-07-22T17:33:47+00:00","breadcrumb":{"@id":"https:\/\/adelgazachile.com\/chile\/producto\/cafe-verde-green-coffee-100-capsulas-x-500-mg\/#breadcrumb"},"inLanguage":"es","potentialAction":[{"@type":"ReadAction","target":["https:\/\/adelgazachile.com\/chile\/producto\/cafe-verde-green-coffee-100-capsulas-x-500-mg\/"]}]},{"@type":"ImageObject","inLanguage":"es","@id":"https:\/\/adelgazachile.com\/chile\/producto\/cafe-verde-green-coffee-100-capsulas-x-500-mg\/#primaryimage","url":"https:\/\/adelgazachile.com\/chile\/wp-content\/uploads\/2024\/07\/te-verdecafe.jpg","contentUrl":"https:\/\/adelgazachile.com\/chile\/wp-content\/uploads\/2024\/07\/te-verdecafe.jpg","width":1024,"height":1024},{"@type":"BreadcrumbList","@id":"https:\/\/adelgazachile.com\/chile\/producto\/cafe-verde-green-coffee-100-capsulas-x-500-mg\/#breadcrumb","itemListElement":[{"@type":"ListItem","position":1,"name":"Portada","item":"https:\/\/adelgazachile.com\/chile\/"},{"@type":"ListItem","position":2,"name":"Tienda","item":"https:\/\/adelgazachile.com\/chile\/tienda\/"},{"@type":"ListItem","position":3,"name":"Caf\u00e9 verde \u2013 green coffee (100 c\u00e1psulas x 500 mg)"}]},{"@type":"WebSite","@id":"https:\/\/adelgazachile.com\/chile\/#website","url":"https:\/\/adelgazachile.com\/chile\/","name":"Adelgaza Per\u00fa","description":"Personas que ayudan Personas","publisher":{"@id":"https:\/\/adelgazachile.com\/chile\/#organization"},"potentialAction":[{"@type":"SearchAction","target":{"@type":"EntryPoint","urlTemplate":"https:\/\/adelgazachile.com\/chile\/?s={search_term_string}"},"query-input":{"@type":"PropertyValueSpecification","valueRequired":true,"valueName":"search_term_string"}}],"inLanguage":"es"},{"@type":"Organization","@id":"https:\/\/adelgazachile.com\/chile\/#organization","name":"Adelgaza Per\u00fa","url":"https:\/\/adelgazachile.com\/chile\/","logo":{"@type":"ImageObject","inLanguage":"es","@id":"https:\/\/adelgazachile.com\/chile\/#\/schema\/logo\/image\/","url":"https:\/\/adelgazachile.com\/chile\/wp-content\/uploads\/2020\/10\/logo1.png","contentUrl":"https:\/\/adelgazachile.com\/chile\/wp-content\/uploads\/2020\/10\/logo1.png","width":2683,"height":970,"caption":"Adelgaza Per\u00fa"},"image":{"@id":"https:\/\/adelgazachile.com\/chile\/#\/schema\/logo\/image\/"},"sameAs":["https:\/\/www.facebook.com\/AdelgazaPeruOficial","https:\/\/www.instagram.com\/adelgazaperuoficial\/","https:\/\/www.youtube.com\/c\/AdelgazaPerOficial","https:\/\/www.tiktok.com\/@adelgazaperuoficial"],"description":"Adelgaza Per\u00fa con 8 a\u00f1os de trayectoria ofrece soluciones personalizadas para la p\u00e9rdida de peso, ayudando a miles de personas a alcanzar sus metas de manera efectiva.","email":"calidad@adelgazaperu.pe","telephone":"01 7397149","legalName":"Adelgaza Per\u00fa"}]}},"_links":{"self":[{"href":"https:\/\/adelgazachile.com\/chile\/wp-json\/wp\/v2\/product\/8727","targetHints":{"allow":["GET"]}}],"collection":[{"href":"https:\/\/adelgazachile.com\/chile\/wp-json\/wp\/v2\/product"}],"about":[{"href":"https:\/\/adelgazachile.com\/chile\/wp-json\/wp\/v2\/types\/product"}],"replies":[{"embeddable":true,"href":"https:\/\/adelgazachile.com\/chile\/wp-json\/wp\/v2\/comments?post=8727"}],"version-history":[{"count":0,"href":"https:\/\/adelgazachile.com\/chile\/wp-json\/wp\/v2\/product\/8727\/revisions"}],"wp:featuredmedia":[{"embeddable":true,"href":"https:\/\/adelgazachile.com\/chile\/wp-json\/wp\/v2\/media\/8778"}],"wp:attachment":[{"href":"https:\/\/adelgazachile.com\/chile\/wp-json\/wp\/v2\/media?parent=8727"}],"wp:term":[{"taxonomy":"product_cat","embeddable":true,"href":"https:\/\/adelgazachile.com\/chile\/wp-json\/wp\/v2\/product_cat?post=8727"},{"taxonomy":"product_tag","embeddable":true,"href":"https:\/\/adelgazachile.com\/chile\/wp-json\/wp\/v2\/product_tag?post=8727"}],"curies":[{"name":"wp","href":"https:\/\/api.w.org\/{rel}","templated":true}]}}