{"id":8731,"date":"2024-07-22T17:32:58","date_gmt":"2024-07-22T17:32:58","guid":{"rendered":"https:\/\/adelgazachile.com\/chile\/?post_type=product&#038;p=8731"},"modified":"2024-07-22T17:33:51","modified_gmt":"2024-07-22T17:33:51","slug":"garcinia-cambogia-l-carnitina-120-capsulas-x-500-mg-energy-green","status":"publish","type":"product","link":"https:\/\/adelgazachile.com\/chile\/producto\/garcinia-cambogia-l-carnitina-120-capsulas-x-500-mg-energy-green\/","title":{"rendered":"Garcinia Cambogia + L Carnitina (120 c\u00e1psulas x 500 mg) &#8211; Energy Green"},"content":{"rendered":"","protected":false},"excerpt":{"rendered":"<p>\u2714\ufe0f La Garcinia Cambogia y L- carnitine en c\u00e1psulas est\u00e1n hechas con 80% de Garcinia Cambogia, es un fruto asi\u00e1tico con propiedades astringentes y adelgazantes. Crece sobre todo en el sur de la India, lugar donde lleva a\u00f1os siendo usada como un remedio natural para ayudar a perder peso. Su contenido de HCA evita la acumulaci\u00f3n de grasas en el organismo. Combin\u00e1ndola con la L-Carnitina, que tambi\u00e9n funciona como quema grasa, ayuda aumentar su acci\u00f3n.<\/p>\n<p>\u2714\ufe0f Los estudios indican que la garcinia cambogia contiene un compuesto que es el \u00e1cido hidroxic\u00edtrico (HCA) que hace que aumente la cantidad de niveles de serotonina en el cuerpo, controlando as\u00ed el apetito y sentirse saciado, y junto con los dem\u00e1s componentes, potenciar\u00e1 este efecto.<\/p>\n","protected":false},"featured_media":8786,"comment_status":"open","ping_status":"closed","template":"","meta":{"_joinchat":[]},"product_cat":[129],"product_tag":[],"class_list":{"0":"post-8731","1":"product","2":"type-product","3":"status-publish","4":"has-post-thumbnail","6":"product_cat-mantenimiento-de-peso","9":"instock","10":"shipping-taxable","11":"purchasable","12":"product-type-simple"},"yoast_head":"<!-- This site is optimized with the Yoast SEO Premium plugin v22.2 (Yoast SEO v23.9) - https:\/\/yoast.com\/wordpress\/plugins\/seo\/ -->\n<title>Garcinia Cambogia + L Carnitina (120 c\u00e1psulas x 500 mg) - Energy Green - Adelgaza Chile<\/title>\n<meta name=\"robots\" content=\"index, follow, max-snippet:-1, max-image-preview:large, max-video-preview:-1\" \/>\n<link rel=\"canonical\" href=\"https:\/\/adelgazachile.com\/chile\/producto\/garcinia-cambogia-l-carnitina-120-capsulas-x-500-mg-energy-green\/\" \/>\n<meta property=\"og:locale\" content=\"es_ES\" \/>\n<meta property=\"og:type\" content=\"article\" \/>\n<meta property=\"og:title\" content=\"Garcinia Cambogia + L Carnitina (120 c\u00e1psulas x 500 mg) - Energy Green\" \/>\n<meta property=\"og:description\" content=\"\u2714\ufe0f La Garcinia Cambogia y L- carnitine en c\u00e1psulas est\u00e1n hechas con 80% de Garcinia Cambogia, es un fruto asi\u00e1tico con propiedades astringentes y adelgazantes. Crece sobre todo en el sur de la India, lugar donde lleva a\u00f1os siendo usada como un remedio natural para ayudar a perder peso. Su contenido de HCA evita la acumulaci\u00f3n de grasas en el organismo. Combin\u00e1ndola con la L-Carnitina, que tambi\u00e9n funciona como quema grasa, ayuda aumentar su acci\u00f3n.  \u2714\ufe0f Los estudios indican que la garcinia cambogia contiene un compuesto que es el \u00e1cido hidroxic\u00edtrico (HCA) que hace que aumente la cantidad de niveles de serotonina en el cuerpo, controlando as\u00ed el apetito y sentirse saciado, y junto con los dem\u00e1s componentes, potenciar\u00e1 este efecto.\" \/>\n<meta property=\"og:url\" content=\"https:\/\/adelgazachile.com\/chile\/producto\/garcinia-cambogia-l-carnitina-120-capsulas-x-500-mg-energy-green\/\" \/>\n<meta property=\"og:site_name\" content=\"Adelgaza Chile\" \/>\n<meta property=\"article:publisher\" content=\"https:\/\/www.facebook.com\/AdelgazaPeruOficial\" \/>\n<meta property=\"article:modified_time\" content=\"2024-07-22T17:33:51+00:00\" \/>\n<meta property=\"og:image\" content=\"https:\/\/adelgazachile.com\/chile\/adelgazaperu\/http:\/\/adelgazachile.com\/chile\/adelgazaperu\/wp-content\/uploads\/2024\/07\/garcinia.jpg\" \/>\n\t<meta property=\"og:image:width\" content=\"1024\" \/>\n\t<meta property=\"og:image:height\" content=\"1024\" \/>\n\t<meta property=\"og:image:type\" content=\"image\/jpeg\" \/>\n<meta name=\"twitter:card\" content=\"summary_large_image\" \/>\n<script type=\"application\/ld+json\" class=\"yoast-schema-graph\">{\"@context\":\"https:\/\/schema.org\",\"@graph\":[{\"@type\":\"WebPage\",\"@id\":\"https:\/\/adelgazachile.com\/chile\/producto\/garcinia-cambogia-l-carnitina-120-capsulas-x-500-mg-energy-green\/\",\"url\":\"https:\/\/adelgazachile.com\/chile\/producto\/garcinia-cambogia-l-carnitina-120-capsulas-x-500-mg-energy-green\/\",\"name\":\"Garcinia Cambogia + L Carnitina (120 c\u00e1psulas x 500 mg) - Energy Green - Adelgaza Chile\",\"isPartOf\":{\"@id\":\"https:\/\/adelgazachile.com\/chile\/#website\"},\"primaryImageOfPage\":{\"@id\":\"https:\/\/adelgazachile.com\/chile\/producto\/garcinia-cambogia-l-carnitina-120-capsulas-x-500-mg-energy-green\/#primaryimage\"},\"image\":{\"@id\":\"https:\/\/adelgazachile.com\/chile\/producto\/garcinia-cambogia-l-carnitina-120-capsulas-x-500-mg-energy-green\/#primaryimage\"},\"thumbnailUrl\":\"https:\/\/adelgazachile.com\/chile\/wp-content\/uploads\/2024\/07\/garcinia.jpg\",\"datePublished\":\"2024-07-22T17:32:58+00:00\",\"dateModified\":\"2024-07-22T17:33:51+00:00\",\"breadcrumb\":{\"@id\":\"https:\/\/adelgazachile.com\/chile\/producto\/garcinia-cambogia-l-carnitina-120-capsulas-x-500-mg-energy-green\/#breadcrumb\"},\"inLanguage\":\"es\",\"potentialAction\":[{\"@type\":\"ReadAction\",\"target\":[\"https:\/\/adelgazachile.com\/chile\/producto\/garcinia-cambogia-l-carnitina-120-capsulas-x-500-mg-energy-green\/\"]}]},{\"@type\":\"ImageObject\",\"inLanguage\":\"es\",\"@id\":\"https:\/\/adelgazachile.com\/chile\/producto\/garcinia-cambogia-l-carnitina-120-capsulas-x-500-mg-energy-green\/#primaryimage\",\"url\":\"https:\/\/adelgazachile.com\/chile\/wp-content\/uploads\/2024\/07\/garcinia.jpg\",\"contentUrl\":\"https:\/\/adelgazachile.com\/chile\/wp-content\/uploads\/2024\/07\/garcinia.jpg\",\"width\":1024,\"height\":1024},{\"@type\":\"BreadcrumbList\",\"@id\":\"https:\/\/adelgazachile.com\/chile\/producto\/garcinia-cambogia-l-carnitina-120-capsulas-x-500-mg-energy-green\/#breadcrumb\",\"itemListElement\":[{\"@type\":\"ListItem\",\"position\":1,\"name\":\"Portada\",\"item\":\"https:\/\/adelgazachile.com\/chile\/\"},{\"@type\":\"ListItem\",\"position\":2,\"name\":\"Tienda\",\"item\":\"https:\/\/adelgazachile.com\/chile\/tienda\/\"},{\"@type\":\"ListItem\",\"position\":3,\"name\":\"Garcinia Cambogia + L Carnitina (120 c\u00e1psulas x 500 mg) &#8211; Energy Green\"}]},{\"@type\":\"WebSite\",\"@id\":\"https:\/\/adelgazachile.com\/chile\/#website\",\"url\":\"https:\/\/adelgazachile.com\/chile\/\",\"name\":\"Adelgaza Per\u00fa\",\"description\":\"Personas que ayudan Personas\",\"publisher\":{\"@id\":\"https:\/\/adelgazachile.com\/chile\/#organization\"},\"potentialAction\":[{\"@type\":\"SearchAction\",\"target\":{\"@type\":\"EntryPoint\",\"urlTemplate\":\"https:\/\/adelgazachile.com\/chile\/?s={search_term_string}\"},\"query-input\":{\"@type\":\"PropertyValueSpecification\",\"valueRequired\":true,\"valueName\":\"search_term_string\"}}],\"inLanguage\":\"es\"},{\"@type\":\"Organization\",\"@id\":\"https:\/\/adelgazachile.com\/chile\/#organization\",\"name\":\"Adelgaza Per\u00fa\",\"url\":\"https:\/\/adelgazachile.com\/chile\/\",\"logo\":{\"@type\":\"ImageObject\",\"inLanguage\":\"es\",\"@id\":\"https:\/\/adelgazachile.com\/chile\/#\/schema\/logo\/image\/\",\"url\":\"https:\/\/adelgazachile.com\/chile\/wp-content\/uploads\/2020\/10\/logo1.png\",\"contentUrl\":\"https:\/\/adelgazachile.com\/chile\/wp-content\/uploads\/2020\/10\/logo1.png\",\"width\":2683,\"height\":970,\"caption\":\"Adelgaza Per\u00fa\"},\"image\":{\"@id\":\"https:\/\/adelgazachile.com\/chile\/#\/schema\/logo\/image\/\"},\"sameAs\":[\"https:\/\/www.facebook.com\/AdelgazaPeruOficial\",\"https:\/\/www.instagram.com\/adelgazaperuoficial\/\",\"https:\/\/www.youtube.com\/c\/AdelgazaPerOficial\",\"https:\/\/www.tiktok.com\/@adelgazaperuoficial\"],\"description\":\"Adelgaza Per\u00fa con 8 a\u00f1os de trayectoria ofrece soluciones personalizadas para la p\u00e9rdida de peso, ayudando a miles de personas a alcanzar sus metas de manera efectiva.\",\"email\":\"calidad@adelgazaperu.pe\",\"telephone\":\"01 7397149\",\"legalName\":\"Adelgaza Per\u00fa\"}]}<\/script>\n<!-- \/ Yoast SEO Premium plugin. -->","yoast_head_json":{"title":"Garcinia Cambogia + L Carnitina (120 c\u00e1psulas x 500 mg) - Energy Green - Adelgaza Chile","robots":{"index":"index","follow":"follow","max-snippet":"max-snippet:-1","max-image-preview":"max-image-preview:large","max-video-preview":"max-video-preview:-1"},"canonical":"https:\/\/adelgazachile.com\/chile\/producto\/garcinia-cambogia-l-carnitina-120-capsulas-x-500-mg-energy-green\/","og_locale":"es_ES","og_type":"article","og_title":"Garcinia Cambogia + L Carnitina (120 c\u00e1psulas x 500 mg) - Energy Green","og_description":"\u2714\ufe0f La Garcinia Cambogia y L- carnitine en c\u00e1psulas est\u00e1n hechas con 80% de Garcinia Cambogia, es un fruto asi\u00e1tico con propiedades astringentes y adelgazantes. Crece sobre todo en el sur de la India, lugar donde lleva a\u00f1os siendo usada como un remedio natural para ayudar a perder peso. Su contenido de HCA evita la acumulaci\u00f3n de grasas en el organismo. Combin\u00e1ndola con la L-Carnitina, que tambi\u00e9n funciona como quema grasa, ayuda aumentar su acci\u00f3n.  \u2714\ufe0f Los estudios indican que la garcinia cambogia contiene un compuesto que es el \u00e1cido hidroxic\u00edtrico (HCA) que hace que aumente la cantidad de niveles de serotonina en el cuerpo, controlando as\u00ed el apetito y sentirse saciado, y junto con los dem\u00e1s componentes, potenciar\u00e1 este efecto.","og_url":"https:\/\/adelgazachile.com\/chile\/producto\/garcinia-cambogia-l-carnitina-120-capsulas-x-500-mg-energy-green\/","og_site_name":"Adelgaza Chile","article_publisher":"https:\/\/www.facebook.com\/AdelgazaPeruOficial","article_modified_time":"2024-07-22T17:33:51+00:00","og_image":[{"width":1024,"height":1024,"url":"https:\/\/adelgazachile.com\/chile\/adelgazaperu\/http:\/\/adelgazachile.com\/chile\/adelgazaperu\/wp-content\/uploads\/2024\/07\/garcinia.jpg","type":"image\/jpeg"}],"twitter_card":"summary_large_image","schema":{"@context":"https:\/\/schema.org","@graph":[{"@type":"WebPage","@id":"https:\/\/adelgazachile.com\/chile\/producto\/garcinia-cambogia-l-carnitina-120-capsulas-x-500-mg-energy-green\/","url":"https:\/\/adelgazachile.com\/chile\/producto\/garcinia-cambogia-l-carnitina-120-capsulas-x-500-mg-energy-green\/","name":"Garcinia Cambogia + L Carnitina (120 c\u00e1psulas x 500 mg) - Energy Green - Adelgaza Chile","isPartOf":{"@id":"https:\/\/adelgazachile.com\/chile\/#website"},"primaryImageOfPage":{"@id":"https:\/\/adelgazachile.com\/chile\/producto\/garcinia-cambogia-l-carnitina-120-capsulas-x-500-mg-energy-green\/#primaryimage"},"image":{"@id":"https:\/\/adelgazachile.com\/chile\/producto\/garcinia-cambogia-l-carnitina-120-capsulas-x-500-mg-energy-green\/#primaryimage"},"thumbnailUrl":"https:\/\/adelgazachile.com\/chile\/wp-content\/uploads\/2024\/07\/garcinia.jpg","datePublished":"2024-07-22T17:32:58+00:00","dateModified":"2024-07-22T17:33:51+00:00","breadcrumb":{"@id":"https:\/\/adelgazachile.com\/chile\/producto\/garcinia-cambogia-l-carnitina-120-capsulas-x-500-mg-energy-green\/#breadcrumb"},"inLanguage":"es","potentialAction":[{"@type":"ReadAction","target":["https:\/\/adelgazachile.com\/chile\/producto\/garcinia-cambogia-l-carnitina-120-capsulas-x-500-mg-energy-green\/"]}]},{"@type":"ImageObject","inLanguage":"es","@id":"https:\/\/adelgazachile.com\/chile\/producto\/garcinia-cambogia-l-carnitina-120-capsulas-x-500-mg-energy-green\/#primaryimage","url":"https:\/\/adelgazachile.com\/chile\/wp-content\/uploads\/2024\/07\/garcinia.jpg","contentUrl":"https:\/\/adelgazachile.com\/chile\/wp-content\/uploads\/2024\/07\/garcinia.jpg","width":1024,"height":1024},{"@type":"BreadcrumbList","@id":"https:\/\/adelgazachile.com\/chile\/producto\/garcinia-cambogia-l-carnitina-120-capsulas-x-500-mg-energy-green\/#breadcrumb","itemListElement":[{"@type":"ListItem","position":1,"name":"Portada","item":"https:\/\/adelgazachile.com\/chile\/"},{"@type":"ListItem","position":2,"name":"Tienda","item":"https:\/\/adelgazachile.com\/chile\/tienda\/"},{"@type":"ListItem","position":3,"name":"Garcinia Cambogia + L Carnitina (120 c\u00e1psulas x 500 mg) &#8211; Energy Green"}]},{"@type":"WebSite","@id":"https:\/\/adelgazachile.com\/chile\/#website","url":"https:\/\/adelgazachile.com\/chile\/","name":"Adelgaza Per\u00fa","description":"Personas que ayudan Personas","publisher":{"@id":"https:\/\/adelgazachile.com\/chile\/#organization"},"potentialAction":[{"@type":"SearchAction","target":{"@type":"EntryPoint","urlTemplate":"https:\/\/adelgazachile.com\/chile\/?s={search_term_string}"},"query-input":{"@type":"PropertyValueSpecification","valueRequired":true,"valueName":"search_term_string"}}],"inLanguage":"es"},{"@type":"Organization","@id":"https:\/\/adelgazachile.com\/chile\/#organization","name":"Adelgaza Per\u00fa","url":"https:\/\/adelgazachile.com\/chile\/","logo":{"@type":"ImageObject","inLanguage":"es","@id":"https:\/\/adelgazachile.com\/chile\/#\/schema\/logo\/image\/","url":"https:\/\/adelgazachile.com\/chile\/wp-content\/uploads\/2020\/10\/logo1.png","contentUrl":"https:\/\/adelgazachile.com\/chile\/wp-content\/uploads\/2020\/10\/logo1.png","width":2683,"height":970,"caption":"Adelgaza Per\u00fa"},"image":{"@id":"https:\/\/adelgazachile.com\/chile\/#\/schema\/logo\/image\/"},"sameAs":["https:\/\/www.facebook.com\/AdelgazaPeruOficial","https:\/\/www.instagram.com\/adelgazaperuoficial\/","https:\/\/www.youtube.com\/c\/AdelgazaPerOficial","https:\/\/www.tiktok.com\/@adelgazaperuoficial"],"description":"Adelgaza Per\u00fa con 8 a\u00f1os de trayectoria ofrece soluciones personalizadas para la p\u00e9rdida de peso, ayudando a miles de personas a alcanzar sus metas de manera efectiva.","email":"calidad@adelgazaperu.pe","telephone":"01 7397149","legalName":"Adelgaza Per\u00fa"}]}},"_links":{"self":[{"href":"https:\/\/adelgazachile.com\/chile\/wp-json\/wp\/v2\/product\/8731","targetHints":{"allow":["GET"]}}],"collection":[{"href":"https:\/\/adelgazachile.com\/chile\/wp-json\/wp\/v2\/product"}],"about":[{"href":"https:\/\/adelgazachile.com\/chile\/wp-json\/wp\/v2\/types\/product"}],"replies":[{"embeddable":true,"href":"https:\/\/adelgazachile.com\/chile\/wp-json\/wp\/v2\/comments?post=8731"}],"version-history":[{"count":0,"href":"https:\/\/adelgazachile.com\/chile\/wp-json\/wp\/v2\/product\/8731\/revisions"}],"wp:featuredmedia":[{"embeddable":true,"href":"https:\/\/adelgazachile.com\/chile\/wp-json\/wp\/v2\/media\/8786"}],"wp:attachment":[{"href":"https:\/\/adelgazachile.com\/chile\/wp-json\/wp\/v2\/media?parent=8731"}],"wp:term":[{"taxonomy":"product_cat","embeddable":true,"href":"https:\/\/adelgazachile.com\/chile\/wp-json\/wp\/v2\/product_cat?post=8731"},{"taxonomy":"product_tag","embeddable":true,"href":"https:\/\/adelgazachile.com\/chile\/wp-json\/wp\/v2\/product_tag?post=8731"}],"curies":[{"name":"wp","href":"https:\/\/api.w.org\/{rel}","templated":true}]}}