{"id":8732,"date":"2024-07-22T17:32:59","date_gmt":"2024-07-22T17:32:59","guid":{"rendered":"https:\/\/adelgazachile.com\/chile\/?post_type=product&#038;p=8732"},"modified":"2024-07-22T17:33:52","modified_gmt":"2024-07-22T17:33:52","slug":"maca-roja-organica-100-capsulas-x-500-mg-de-amazon-andes","status":"publish","type":"product","link":"https:\/\/adelgazachile.com\/chile\/producto\/maca-roja-organica-100-capsulas-x-500-mg-de-amazon-andes\/","title":{"rendered":"Maca Roja Org\u00e1nica (100 c\u00e1psulas x 500 mg) de Amazon Andes"},"content":{"rendered":"","protected":false},"excerpt":{"rendered":"<p>\u2714\ufe0f La maca roja se ha demostrado en an\u00e1lisis de fitonutrientes, que es la variedad con mayor cantidad de ciertos compuestos que apoyan el cuerpo en la actividad antioxidante y antitumoral. La \u00abmaca\u00bb, Lepidium meyenii Walpers o Lepidium peruvianum Chac\u00f3n, es un tub\u00e9rculo que crece en los andes peruanos, alimento superior, A1, org\u00e1nico, de gran valor nutricional, que debe ser incluida en el men\u00fa diario de todo ser humano. Conocido como el ginseng peruano.<\/p>\n","protected":false},"featured_media":8788,"comment_status":"open","ping_status":"closed","template":"","meta":{"_joinchat":[]},"product_cat":[131],"product_tag":[],"class_list":{"0":"post-8732","1":"product","2":"type-product","3":"status-publish","4":"has-post-thumbnail","6":"product_cat-complementos-y-accesorios","9":"instock","10":"shipping-taxable","11":"purchasable","12":"product-type-simple"},"yoast_head":"<!-- This site is optimized with the Yoast SEO Premium plugin v22.2 (Yoast SEO v23.9) - https:\/\/yoast.com\/wordpress\/plugins\/seo\/ -->\n<title>Maca Roja Org\u00e1nica (100 c\u00e1psulas x 500 mg) de Amazon Andes - Adelgaza Chile<\/title>\n<meta name=\"robots\" content=\"index, follow, max-snippet:-1, max-image-preview:large, max-video-preview:-1\" \/>\n<link rel=\"canonical\" href=\"https:\/\/adelgazachile.com\/chile\/producto\/maca-roja-organica-100-capsulas-x-500-mg-de-amazon-andes\/\" \/>\n<meta property=\"og:locale\" content=\"es_ES\" \/>\n<meta property=\"og:type\" content=\"article\" \/>\n<meta property=\"og:title\" content=\"Maca Roja Org\u00e1nica (100 c\u00e1psulas x 500 mg) de Amazon Andes\" \/>\n<meta property=\"og:description\" content=\"\u2714\ufe0f La maca roja se ha demostrado en an\u00e1lisis de fitonutrientes, que es la variedad con mayor cantidad de ciertos compuestos que apoyan el cuerpo en la actividad antioxidante y antitumoral. La \u00abmaca\u00bb, Lepidium meyenii Walpers o Lepidium peruvianum Chac\u00f3n, es un tub\u00e9rculo que crece en los andes peruanos, alimento superior, A1, org\u00e1nico, de gran valor nutricional, que debe ser incluida en el men\u00fa diario de todo ser humano. Conocido como el ginseng peruano.\" \/>\n<meta property=\"og:url\" content=\"https:\/\/adelgazachile.com\/chile\/producto\/maca-roja-organica-100-capsulas-x-500-mg-de-amazon-andes\/\" \/>\n<meta property=\"og:site_name\" content=\"Adelgaza Chile\" \/>\n<meta property=\"article:publisher\" content=\"https:\/\/www.facebook.com\/AdelgazaPeruOficial\" \/>\n<meta property=\"article:modified_time\" content=\"2024-07-22T17:33:52+00:00\" \/>\n<meta property=\"og:image\" content=\"https:\/\/adelgazachile.com\/chile\/adelgazaperu\/http:\/\/adelgazachile.com\/chile\/adelgazaperu\/wp-content\/uploads\/2024\/07\/maca1.jpg\" \/>\n\t<meta property=\"og:image:width\" content=\"1024\" \/>\n\t<meta property=\"og:image:height\" content=\"1024\" \/>\n\t<meta property=\"og:image:type\" content=\"image\/jpeg\" \/>\n<meta name=\"twitter:card\" content=\"summary_large_image\" \/>\n<script type=\"application\/ld+json\" class=\"yoast-schema-graph\">{\"@context\":\"https:\/\/schema.org\",\"@graph\":[{\"@type\":\"WebPage\",\"@id\":\"https:\/\/adelgazachile.com\/chile\/producto\/maca-roja-organica-100-capsulas-x-500-mg-de-amazon-andes\/\",\"url\":\"https:\/\/adelgazachile.com\/chile\/producto\/maca-roja-organica-100-capsulas-x-500-mg-de-amazon-andes\/\",\"name\":\"Maca Roja Org\u00e1nica (100 c\u00e1psulas x 500 mg) de Amazon Andes - Adelgaza Chile\",\"isPartOf\":{\"@id\":\"https:\/\/adelgazachile.com\/chile\/#website\"},\"primaryImageOfPage\":{\"@id\":\"https:\/\/adelgazachile.com\/chile\/producto\/maca-roja-organica-100-capsulas-x-500-mg-de-amazon-andes\/#primaryimage\"},\"image\":{\"@id\":\"https:\/\/adelgazachile.com\/chile\/producto\/maca-roja-organica-100-capsulas-x-500-mg-de-amazon-andes\/#primaryimage\"},\"thumbnailUrl\":\"https:\/\/adelgazachile.com\/chile\/wp-content\/uploads\/2024\/07\/maca1.jpg\",\"datePublished\":\"2024-07-22T17:32:59+00:00\",\"dateModified\":\"2024-07-22T17:33:52+00:00\",\"breadcrumb\":{\"@id\":\"https:\/\/adelgazachile.com\/chile\/producto\/maca-roja-organica-100-capsulas-x-500-mg-de-amazon-andes\/#breadcrumb\"},\"inLanguage\":\"es\",\"potentialAction\":[{\"@type\":\"ReadAction\",\"target\":[\"https:\/\/adelgazachile.com\/chile\/producto\/maca-roja-organica-100-capsulas-x-500-mg-de-amazon-andes\/\"]}]},{\"@type\":\"ImageObject\",\"inLanguage\":\"es\",\"@id\":\"https:\/\/adelgazachile.com\/chile\/producto\/maca-roja-organica-100-capsulas-x-500-mg-de-amazon-andes\/#primaryimage\",\"url\":\"https:\/\/adelgazachile.com\/chile\/wp-content\/uploads\/2024\/07\/maca1.jpg\",\"contentUrl\":\"https:\/\/adelgazachile.com\/chile\/wp-content\/uploads\/2024\/07\/maca1.jpg\",\"width\":1024,\"height\":1024},{\"@type\":\"BreadcrumbList\",\"@id\":\"https:\/\/adelgazachile.com\/chile\/producto\/maca-roja-organica-100-capsulas-x-500-mg-de-amazon-andes\/#breadcrumb\",\"itemListElement\":[{\"@type\":\"ListItem\",\"position\":1,\"name\":\"Portada\",\"item\":\"https:\/\/adelgazachile.com\/chile\/\"},{\"@type\":\"ListItem\",\"position\":2,\"name\":\"Tienda\",\"item\":\"https:\/\/adelgazachile.com\/chile\/tienda\/\"},{\"@type\":\"ListItem\",\"position\":3,\"name\":\"Maca Roja Org\u00e1nica (100 c\u00e1psulas x 500 mg) de Amazon Andes\"}]},{\"@type\":\"WebSite\",\"@id\":\"https:\/\/adelgazachile.com\/chile\/#website\",\"url\":\"https:\/\/adelgazachile.com\/chile\/\",\"name\":\"Adelgaza Per\u00fa\",\"description\":\"Personas que ayudan Personas\",\"publisher\":{\"@id\":\"https:\/\/adelgazachile.com\/chile\/#organization\"},\"potentialAction\":[{\"@type\":\"SearchAction\",\"target\":{\"@type\":\"EntryPoint\",\"urlTemplate\":\"https:\/\/adelgazachile.com\/chile\/?s={search_term_string}\"},\"query-input\":{\"@type\":\"PropertyValueSpecification\",\"valueRequired\":true,\"valueName\":\"search_term_string\"}}],\"inLanguage\":\"es\"},{\"@type\":\"Organization\",\"@id\":\"https:\/\/adelgazachile.com\/chile\/#organization\",\"name\":\"Adelgaza Per\u00fa\",\"url\":\"https:\/\/adelgazachile.com\/chile\/\",\"logo\":{\"@type\":\"ImageObject\",\"inLanguage\":\"es\",\"@id\":\"https:\/\/adelgazachile.com\/chile\/#\/schema\/logo\/image\/\",\"url\":\"https:\/\/adelgazachile.com\/chile\/wp-content\/uploads\/2020\/10\/logo1.png\",\"contentUrl\":\"https:\/\/adelgazachile.com\/chile\/wp-content\/uploads\/2020\/10\/logo1.png\",\"width\":2683,\"height\":970,\"caption\":\"Adelgaza Per\u00fa\"},\"image\":{\"@id\":\"https:\/\/adelgazachile.com\/chile\/#\/schema\/logo\/image\/\"},\"sameAs\":[\"https:\/\/www.facebook.com\/AdelgazaPeruOficial\",\"https:\/\/www.instagram.com\/adelgazaperuoficial\/\",\"https:\/\/www.youtube.com\/c\/AdelgazaPerOficial\",\"https:\/\/www.tiktok.com\/@adelgazaperuoficial\"],\"description\":\"Adelgaza Per\u00fa con 8 a\u00f1os de trayectoria ofrece soluciones personalizadas para la p\u00e9rdida de peso, ayudando a miles de personas a alcanzar sus metas de manera efectiva.\",\"email\":\"calidad@adelgazaperu.pe\",\"telephone\":\"01 7397149\",\"legalName\":\"Adelgaza Per\u00fa\"}]}<\/script>\n<!-- \/ Yoast SEO Premium plugin. -->","yoast_head_json":{"title":"Maca Roja Org\u00e1nica (100 c\u00e1psulas x 500 mg) de Amazon Andes - Adelgaza Chile","robots":{"index":"index","follow":"follow","max-snippet":"max-snippet:-1","max-image-preview":"max-image-preview:large","max-video-preview":"max-video-preview:-1"},"canonical":"https:\/\/adelgazachile.com\/chile\/producto\/maca-roja-organica-100-capsulas-x-500-mg-de-amazon-andes\/","og_locale":"es_ES","og_type":"article","og_title":"Maca Roja Org\u00e1nica (100 c\u00e1psulas x 500 mg) de Amazon Andes","og_description":"\u2714\ufe0f La maca roja se ha demostrado en an\u00e1lisis de fitonutrientes, que es la variedad con mayor cantidad de ciertos compuestos que apoyan el cuerpo en la actividad antioxidante y antitumoral. La \u00abmaca\u00bb, Lepidium meyenii Walpers o Lepidium peruvianum Chac\u00f3n, es un tub\u00e9rculo que crece en los andes peruanos, alimento superior, A1, org\u00e1nico, de gran valor nutricional, que debe ser incluida en el men\u00fa diario de todo ser humano. Conocido como el ginseng peruano.","og_url":"https:\/\/adelgazachile.com\/chile\/producto\/maca-roja-organica-100-capsulas-x-500-mg-de-amazon-andes\/","og_site_name":"Adelgaza Chile","article_publisher":"https:\/\/www.facebook.com\/AdelgazaPeruOficial","article_modified_time":"2024-07-22T17:33:52+00:00","og_image":[{"width":1024,"height":1024,"url":"https:\/\/adelgazachile.com\/chile\/adelgazaperu\/http:\/\/adelgazachile.com\/chile\/adelgazaperu\/wp-content\/uploads\/2024\/07\/maca1.jpg","type":"image\/jpeg"}],"twitter_card":"summary_large_image","schema":{"@context":"https:\/\/schema.org","@graph":[{"@type":"WebPage","@id":"https:\/\/adelgazachile.com\/chile\/producto\/maca-roja-organica-100-capsulas-x-500-mg-de-amazon-andes\/","url":"https:\/\/adelgazachile.com\/chile\/producto\/maca-roja-organica-100-capsulas-x-500-mg-de-amazon-andes\/","name":"Maca Roja Org\u00e1nica (100 c\u00e1psulas x 500 mg) de Amazon Andes - Adelgaza Chile","isPartOf":{"@id":"https:\/\/adelgazachile.com\/chile\/#website"},"primaryImageOfPage":{"@id":"https:\/\/adelgazachile.com\/chile\/producto\/maca-roja-organica-100-capsulas-x-500-mg-de-amazon-andes\/#primaryimage"},"image":{"@id":"https:\/\/adelgazachile.com\/chile\/producto\/maca-roja-organica-100-capsulas-x-500-mg-de-amazon-andes\/#primaryimage"},"thumbnailUrl":"https:\/\/adelgazachile.com\/chile\/wp-content\/uploads\/2024\/07\/maca1.jpg","datePublished":"2024-07-22T17:32:59+00:00","dateModified":"2024-07-22T17:33:52+00:00","breadcrumb":{"@id":"https:\/\/adelgazachile.com\/chile\/producto\/maca-roja-organica-100-capsulas-x-500-mg-de-amazon-andes\/#breadcrumb"},"inLanguage":"es","potentialAction":[{"@type":"ReadAction","target":["https:\/\/adelgazachile.com\/chile\/producto\/maca-roja-organica-100-capsulas-x-500-mg-de-amazon-andes\/"]}]},{"@type":"ImageObject","inLanguage":"es","@id":"https:\/\/adelgazachile.com\/chile\/producto\/maca-roja-organica-100-capsulas-x-500-mg-de-amazon-andes\/#primaryimage","url":"https:\/\/adelgazachile.com\/chile\/wp-content\/uploads\/2024\/07\/maca1.jpg","contentUrl":"https:\/\/adelgazachile.com\/chile\/wp-content\/uploads\/2024\/07\/maca1.jpg","width":1024,"height":1024},{"@type":"BreadcrumbList","@id":"https:\/\/adelgazachile.com\/chile\/producto\/maca-roja-organica-100-capsulas-x-500-mg-de-amazon-andes\/#breadcrumb","itemListElement":[{"@type":"ListItem","position":1,"name":"Portada","item":"https:\/\/adelgazachile.com\/chile\/"},{"@type":"ListItem","position":2,"name":"Tienda","item":"https:\/\/adelgazachile.com\/chile\/tienda\/"},{"@type":"ListItem","position":3,"name":"Maca Roja Org\u00e1nica (100 c\u00e1psulas x 500 mg) de Amazon Andes"}]},{"@type":"WebSite","@id":"https:\/\/adelgazachile.com\/chile\/#website","url":"https:\/\/adelgazachile.com\/chile\/","name":"Adelgaza Per\u00fa","description":"Personas que ayudan Personas","publisher":{"@id":"https:\/\/adelgazachile.com\/chile\/#organization"},"potentialAction":[{"@type":"SearchAction","target":{"@type":"EntryPoint","urlTemplate":"https:\/\/adelgazachile.com\/chile\/?s={search_term_string}"},"query-input":{"@type":"PropertyValueSpecification","valueRequired":true,"valueName":"search_term_string"}}],"inLanguage":"es"},{"@type":"Organization","@id":"https:\/\/adelgazachile.com\/chile\/#organization","name":"Adelgaza Per\u00fa","url":"https:\/\/adelgazachile.com\/chile\/","logo":{"@type":"ImageObject","inLanguage":"es","@id":"https:\/\/adelgazachile.com\/chile\/#\/schema\/logo\/image\/","url":"https:\/\/adelgazachile.com\/chile\/wp-content\/uploads\/2020\/10\/logo1.png","contentUrl":"https:\/\/adelgazachile.com\/chile\/wp-content\/uploads\/2020\/10\/logo1.png","width":2683,"height":970,"caption":"Adelgaza Per\u00fa"},"image":{"@id":"https:\/\/adelgazachile.com\/chile\/#\/schema\/logo\/image\/"},"sameAs":["https:\/\/www.facebook.com\/AdelgazaPeruOficial","https:\/\/www.instagram.com\/adelgazaperuoficial\/","https:\/\/www.youtube.com\/c\/AdelgazaPerOficial","https:\/\/www.tiktok.com\/@adelgazaperuoficial"],"description":"Adelgaza Per\u00fa con 8 a\u00f1os de trayectoria ofrece soluciones personalizadas para la p\u00e9rdida de peso, ayudando a miles de personas a alcanzar sus metas de manera efectiva.","email":"calidad@adelgazaperu.pe","telephone":"01 7397149","legalName":"Adelgaza Per\u00fa"}]}},"_links":{"self":[{"href":"https:\/\/adelgazachile.com\/chile\/wp-json\/wp\/v2\/product\/8732","targetHints":{"allow":["GET"]}}],"collection":[{"href":"https:\/\/adelgazachile.com\/chile\/wp-json\/wp\/v2\/product"}],"about":[{"href":"https:\/\/adelgazachile.com\/chile\/wp-json\/wp\/v2\/types\/product"}],"replies":[{"embeddable":true,"href":"https:\/\/adelgazachile.com\/chile\/wp-json\/wp\/v2\/comments?post=8732"}],"version-history":[{"count":0,"href":"https:\/\/adelgazachile.com\/chile\/wp-json\/wp\/v2\/product\/8732\/revisions"}],"wp:featuredmedia":[{"embeddable":true,"href":"https:\/\/adelgazachile.com\/chile\/wp-json\/wp\/v2\/media\/8788"}],"wp:attachment":[{"href":"https:\/\/adelgazachile.com\/chile\/wp-json\/wp\/v2\/media?parent=8732"}],"wp:term":[{"taxonomy":"product_cat","embeddable":true,"href":"https:\/\/adelgazachile.com\/chile\/wp-json\/wp\/v2\/product_cat?post=8732"},{"taxonomy":"product_tag","embeddable":true,"href":"https:\/\/adelgazachile.com\/chile\/wp-json\/wp\/v2\/product_tag?post=8732"}],"curies":[{"name":"wp","href":"https:\/\/api.w.org\/{rel}","templated":true}]}}