{"id":8733,"date":"2024-07-22T17:33:00","date_gmt":"2024-07-22T17:33:00","guid":{"rendered":"https:\/\/adelgazachile.com\/chile\/?post_type=product&#038;p=8733"},"modified":"2024-07-22T17:33:53","modified_gmt":"2024-07-22T17:33:53","slug":"coca-energy-green-120-capsulas-x-500-mg-de-energy-green","status":"publish","type":"product","link":"https:\/\/adelgazachile.com\/chile\/producto\/coca-energy-green-120-capsulas-x-500-mg-de-energy-green\/","title":{"rendered":"Coca Energy Green (120 c\u00e1psulas x 500 mg) de Energy Green"},"content":{"rendered":"","protected":false},"excerpt":{"rendered":"<p>\u2714\ufe0f La hoja de coca ha sido utilizada desde hace miles de a\u00f1os por\u00a0 los antiguos Peruanos. Siendo muy nutritiva, adem\u00e1s de poseer una cantidad considerable de calcio. Las hojas de coca en c\u00e1psulas est\u00e1n hechas con hojas de coca seleccionadas y pulverizadas, de origen legal (de ENACO-empresa estatal de la coca, \u00fanico autorizado en el Per\u00fa para proveerla).<\/p>\n<p><strong>\u2714\ufe0f Descripci\u00f3n (usos recomendados):<\/strong><\/p>\n<ul>\n<li>Como suplemento de calcio, del cual es fuente superior.<\/li>\n<li>Como fuente de prote\u00ednas, contiene 19.6% de contenido proteico.<\/li>\n<li>Para combatir la artritis, osteoartritis.<\/li>\n<li>Como antidepresivo de r\u00e1pida acci\u00f3n.<\/li>\n<li>Como t\u00f3nico restaurador, en casos de fatiga.<\/li>\n<li>Como analg\u00e9sico en condiciones de dolor.<\/li>\n<li>Para mejorar las funciones digestivas, espasmos y c\u00f3licos intestinales.<\/li>\n<\/ul>\n<p><strong>\u2714\ufe0f Origen:<\/strong><\/p>\n<ul>\n<li>Per\u00fa.<\/li>\n<\/ul>\n<p><strong>\u2714\ufe0f Ingredientes o Composici\u00f3n:<\/strong><\/p>\n<ul>\n<li>100% hoja de Coca en polvo (Erythroxylum coca).<\/li>\n<\/ul>\n","protected":false},"featured_media":8790,"comment_status":"open","ping_status":"closed","template":"","meta":{"_joinchat":[]},"product_cat":[131],"product_tag":[],"class_list":{"0":"post-8733","1":"product","2":"type-product","3":"status-publish","4":"has-post-thumbnail","6":"product_cat-complementos-y-accesorios","9":"instock","10":"shipping-taxable","11":"purchasable","12":"product-type-simple"},"yoast_head":"<!-- This site is optimized with the Yoast SEO Premium plugin v22.2 (Yoast SEO v23.9) - https:\/\/yoast.com\/wordpress\/plugins\/seo\/ -->\n<title>Coca Energy Green (120 c\u00e1psulas x 500 mg) de Energy Green - Adelgaza Chile<\/title>\n<meta name=\"robots\" content=\"index, follow, max-snippet:-1, max-image-preview:large, max-video-preview:-1\" \/>\n<link rel=\"canonical\" href=\"https:\/\/adelgazachile.com\/chile\/producto\/coca-energy-green-120-capsulas-x-500-mg-de-energy-green\/\" \/>\n<meta property=\"og:locale\" content=\"es_ES\" \/>\n<meta property=\"og:type\" content=\"article\" \/>\n<meta property=\"og:title\" content=\"Coca Energy Green (120 c\u00e1psulas x 500 mg) de Energy Green\" \/>\n<meta property=\"og:description\" content=\"\u2714\ufe0f La hoja de coca ha sido utilizada desde hace miles de a\u00f1os por\u00a0 los antiguos Peruanos. Siendo muy nutritiva, adem\u00e1s de poseer una cantidad considerable de calcio. Las hojas de coca en c\u00e1psulas est\u00e1n hechas con hojas de coca seleccionadas y pulverizadas, de origen legal (de ENACO-empresa estatal de la coca, \u00fanico autorizado en el Per\u00fa para proveerla).  \u2714\ufe0f Descripci\u00f3n (usos recomendados):   Como suplemento de calcio, del cual es fuente superior.  Como fuente de prote\u00ednas, contiene 19.6% de contenido proteico.  Para combatir la artritis, osteoartritis.  Como antidepresivo de r\u00e1pida acci\u00f3n.  Como t\u00f3nico restaurador, en casos de fatiga.  Como analg\u00e9sico en condiciones de dolor.  Para mejorar las funciones digestivas, espasmos y c\u00f3licos intestinales.  \u2714\ufe0f Origen:   Per\u00fa.  \u2714\ufe0f Ingredientes o Composici\u00f3n:   100% hoja de Coca en polvo (Erythroxylum coca).\" \/>\n<meta property=\"og:url\" content=\"https:\/\/adelgazachile.com\/chile\/producto\/coca-energy-green-120-capsulas-x-500-mg-de-energy-green\/\" \/>\n<meta property=\"og:site_name\" content=\"Adelgaza Chile\" \/>\n<meta property=\"article:publisher\" content=\"https:\/\/www.facebook.com\/AdelgazaPeruOficial\" \/>\n<meta property=\"article:modified_time\" content=\"2024-07-22T17:33:53+00:00\" \/>\n<meta property=\"og:image\" content=\"https:\/\/adelgazachile.com\/chile\/adelgazaperu\/http:\/\/adelgazachile.com\/chile\/adelgazaperu\/wp-content\/uploads\/2024\/07\/ggg1.jpg\" \/>\n\t<meta property=\"og:image:width\" content=\"1024\" \/>\n\t<meta property=\"og:image:height\" content=\"1024\" \/>\n\t<meta property=\"og:image:type\" content=\"image\/jpeg\" \/>\n<meta name=\"twitter:card\" content=\"summary_large_image\" \/>\n<script type=\"application\/ld+json\" class=\"yoast-schema-graph\">{\"@context\":\"https:\/\/schema.org\",\"@graph\":[{\"@type\":\"WebPage\",\"@id\":\"https:\/\/adelgazachile.com\/chile\/producto\/coca-energy-green-120-capsulas-x-500-mg-de-energy-green\/\",\"url\":\"https:\/\/adelgazachile.com\/chile\/producto\/coca-energy-green-120-capsulas-x-500-mg-de-energy-green\/\",\"name\":\"Coca Energy Green (120 c\u00e1psulas x 500 mg) de Energy Green - Adelgaza Chile\",\"isPartOf\":{\"@id\":\"https:\/\/adelgazachile.com\/chile\/#website\"},\"primaryImageOfPage\":{\"@id\":\"https:\/\/adelgazachile.com\/chile\/producto\/coca-energy-green-120-capsulas-x-500-mg-de-energy-green\/#primaryimage\"},\"image\":{\"@id\":\"https:\/\/adelgazachile.com\/chile\/producto\/coca-energy-green-120-capsulas-x-500-mg-de-energy-green\/#primaryimage\"},\"thumbnailUrl\":\"https:\/\/adelgazachile.com\/chile\/wp-content\/uploads\/2024\/07\/ggg1.jpg\",\"datePublished\":\"2024-07-22T17:33:00+00:00\",\"dateModified\":\"2024-07-22T17:33:53+00:00\",\"breadcrumb\":{\"@id\":\"https:\/\/adelgazachile.com\/chile\/producto\/coca-energy-green-120-capsulas-x-500-mg-de-energy-green\/#breadcrumb\"},\"inLanguage\":\"es\",\"potentialAction\":[{\"@type\":\"ReadAction\",\"target\":[\"https:\/\/adelgazachile.com\/chile\/producto\/coca-energy-green-120-capsulas-x-500-mg-de-energy-green\/\"]}]},{\"@type\":\"ImageObject\",\"inLanguage\":\"es\",\"@id\":\"https:\/\/adelgazachile.com\/chile\/producto\/coca-energy-green-120-capsulas-x-500-mg-de-energy-green\/#primaryimage\",\"url\":\"https:\/\/adelgazachile.com\/chile\/wp-content\/uploads\/2024\/07\/ggg1.jpg\",\"contentUrl\":\"https:\/\/adelgazachile.com\/chile\/wp-content\/uploads\/2024\/07\/ggg1.jpg\",\"width\":1024,\"height\":1024},{\"@type\":\"BreadcrumbList\",\"@id\":\"https:\/\/adelgazachile.com\/chile\/producto\/coca-energy-green-120-capsulas-x-500-mg-de-energy-green\/#breadcrumb\",\"itemListElement\":[{\"@type\":\"ListItem\",\"position\":1,\"name\":\"Portada\",\"item\":\"https:\/\/adelgazachile.com\/chile\/\"},{\"@type\":\"ListItem\",\"position\":2,\"name\":\"Tienda\",\"item\":\"https:\/\/adelgazachile.com\/chile\/tienda\/\"},{\"@type\":\"ListItem\",\"position\":3,\"name\":\"Coca Energy Green (120 c\u00e1psulas x 500 mg) de Energy Green\"}]},{\"@type\":\"WebSite\",\"@id\":\"https:\/\/adelgazachile.com\/chile\/#website\",\"url\":\"https:\/\/adelgazachile.com\/chile\/\",\"name\":\"Adelgaza Per\u00fa\",\"description\":\"Personas que ayudan Personas\",\"publisher\":{\"@id\":\"https:\/\/adelgazachile.com\/chile\/#organization\"},\"potentialAction\":[{\"@type\":\"SearchAction\",\"target\":{\"@type\":\"EntryPoint\",\"urlTemplate\":\"https:\/\/adelgazachile.com\/chile\/?s={search_term_string}\"},\"query-input\":{\"@type\":\"PropertyValueSpecification\",\"valueRequired\":true,\"valueName\":\"search_term_string\"}}],\"inLanguage\":\"es\"},{\"@type\":\"Organization\",\"@id\":\"https:\/\/adelgazachile.com\/chile\/#organization\",\"name\":\"Adelgaza Per\u00fa\",\"url\":\"https:\/\/adelgazachile.com\/chile\/\",\"logo\":{\"@type\":\"ImageObject\",\"inLanguage\":\"es\",\"@id\":\"https:\/\/adelgazachile.com\/chile\/#\/schema\/logo\/image\/\",\"url\":\"https:\/\/adelgazachile.com\/chile\/wp-content\/uploads\/2020\/10\/logo1.png\",\"contentUrl\":\"https:\/\/adelgazachile.com\/chile\/wp-content\/uploads\/2020\/10\/logo1.png\",\"width\":2683,\"height\":970,\"caption\":\"Adelgaza Per\u00fa\"},\"image\":{\"@id\":\"https:\/\/adelgazachile.com\/chile\/#\/schema\/logo\/image\/\"},\"sameAs\":[\"https:\/\/www.facebook.com\/AdelgazaPeruOficial\",\"https:\/\/www.instagram.com\/adelgazaperuoficial\/\",\"https:\/\/www.youtube.com\/c\/AdelgazaPerOficial\",\"https:\/\/www.tiktok.com\/@adelgazaperuoficial\"],\"description\":\"Adelgaza Per\u00fa con 8 a\u00f1os de trayectoria ofrece soluciones personalizadas para la p\u00e9rdida de peso, ayudando a miles de personas a alcanzar sus metas de manera efectiva.\",\"email\":\"calidad@adelgazaperu.pe\",\"telephone\":\"01 7397149\",\"legalName\":\"Adelgaza Per\u00fa\"}]}<\/script>\n<!-- \/ Yoast SEO Premium plugin. -->","yoast_head_json":{"title":"Coca Energy Green (120 c\u00e1psulas x 500 mg) de Energy Green - Adelgaza Chile","robots":{"index":"index","follow":"follow","max-snippet":"max-snippet:-1","max-image-preview":"max-image-preview:large","max-video-preview":"max-video-preview:-1"},"canonical":"https:\/\/adelgazachile.com\/chile\/producto\/coca-energy-green-120-capsulas-x-500-mg-de-energy-green\/","og_locale":"es_ES","og_type":"article","og_title":"Coca Energy Green (120 c\u00e1psulas x 500 mg) de Energy Green","og_description":"\u2714\ufe0f La hoja de coca ha sido utilizada desde hace miles de a\u00f1os por\u00a0 los antiguos Peruanos. Siendo muy nutritiva, adem\u00e1s de poseer una cantidad considerable de calcio. Las hojas de coca en c\u00e1psulas est\u00e1n hechas con hojas de coca seleccionadas y pulverizadas, de origen legal (de ENACO-empresa estatal de la coca, \u00fanico autorizado en el Per\u00fa para proveerla).  \u2714\ufe0f Descripci\u00f3n (usos recomendados):   Como suplemento de calcio, del cual es fuente superior.  Como fuente de prote\u00ednas, contiene 19.6% de contenido proteico.  Para combatir la artritis, osteoartritis.  Como antidepresivo de r\u00e1pida acci\u00f3n.  Como t\u00f3nico restaurador, en casos de fatiga.  Como analg\u00e9sico en condiciones de dolor.  Para mejorar las funciones digestivas, espasmos y c\u00f3licos intestinales.  \u2714\ufe0f Origen:   Per\u00fa.  \u2714\ufe0f Ingredientes o Composici\u00f3n:   100% hoja de Coca en polvo (Erythroxylum coca).","og_url":"https:\/\/adelgazachile.com\/chile\/producto\/coca-energy-green-120-capsulas-x-500-mg-de-energy-green\/","og_site_name":"Adelgaza Chile","article_publisher":"https:\/\/www.facebook.com\/AdelgazaPeruOficial","article_modified_time":"2024-07-22T17:33:53+00:00","og_image":[{"width":1024,"height":1024,"url":"https:\/\/adelgazachile.com\/chile\/adelgazaperu\/http:\/\/adelgazachile.com\/chile\/adelgazaperu\/wp-content\/uploads\/2024\/07\/ggg1.jpg","type":"image\/jpeg"}],"twitter_card":"summary_large_image","schema":{"@context":"https:\/\/schema.org","@graph":[{"@type":"WebPage","@id":"https:\/\/adelgazachile.com\/chile\/producto\/coca-energy-green-120-capsulas-x-500-mg-de-energy-green\/","url":"https:\/\/adelgazachile.com\/chile\/producto\/coca-energy-green-120-capsulas-x-500-mg-de-energy-green\/","name":"Coca Energy Green (120 c\u00e1psulas x 500 mg) de Energy Green - Adelgaza Chile","isPartOf":{"@id":"https:\/\/adelgazachile.com\/chile\/#website"},"primaryImageOfPage":{"@id":"https:\/\/adelgazachile.com\/chile\/producto\/coca-energy-green-120-capsulas-x-500-mg-de-energy-green\/#primaryimage"},"image":{"@id":"https:\/\/adelgazachile.com\/chile\/producto\/coca-energy-green-120-capsulas-x-500-mg-de-energy-green\/#primaryimage"},"thumbnailUrl":"https:\/\/adelgazachile.com\/chile\/wp-content\/uploads\/2024\/07\/ggg1.jpg","datePublished":"2024-07-22T17:33:00+00:00","dateModified":"2024-07-22T17:33:53+00:00","breadcrumb":{"@id":"https:\/\/adelgazachile.com\/chile\/producto\/coca-energy-green-120-capsulas-x-500-mg-de-energy-green\/#breadcrumb"},"inLanguage":"es","potentialAction":[{"@type":"ReadAction","target":["https:\/\/adelgazachile.com\/chile\/producto\/coca-energy-green-120-capsulas-x-500-mg-de-energy-green\/"]}]},{"@type":"ImageObject","inLanguage":"es","@id":"https:\/\/adelgazachile.com\/chile\/producto\/coca-energy-green-120-capsulas-x-500-mg-de-energy-green\/#primaryimage","url":"https:\/\/adelgazachile.com\/chile\/wp-content\/uploads\/2024\/07\/ggg1.jpg","contentUrl":"https:\/\/adelgazachile.com\/chile\/wp-content\/uploads\/2024\/07\/ggg1.jpg","width":1024,"height":1024},{"@type":"BreadcrumbList","@id":"https:\/\/adelgazachile.com\/chile\/producto\/coca-energy-green-120-capsulas-x-500-mg-de-energy-green\/#breadcrumb","itemListElement":[{"@type":"ListItem","position":1,"name":"Portada","item":"https:\/\/adelgazachile.com\/chile\/"},{"@type":"ListItem","position":2,"name":"Tienda","item":"https:\/\/adelgazachile.com\/chile\/tienda\/"},{"@type":"ListItem","position":3,"name":"Coca Energy Green (120 c\u00e1psulas x 500 mg) de Energy Green"}]},{"@type":"WebSite","@id":"https:\/\/adelgazachile.com\/chile\/#website","url":"https:\/\/adelgazachile.com\/chile\/","name":"Adelgaza Per\u00fa","description":"Personas que ayudan Personas","publisher":{"@id":"https:\/\/adelgazachile.com\/chile\/#organization"},"potentialAction":[{"@type":"SearchAction","target":{"@type":"EntryPoint","urlTemplate":"https:\/\/adelgazachile.com\/chile\/?s={search_term_string}"},"query-input":{"@type":"PropertyValueSpecification","valueRequired":true,"valueName":"search_term_string"}}],"inLanguage":"es"},{"@type":"Organization","@id":"https:\/\/adelgazachile.com\/chile\/#organization","name":"Adelgaza Per\u00fa","url":"https:\/\/adelgazachile.com\/chile\/","logo":{"@type":"ImageObject","inLanguage":"es","@id":"https:\/\/adelgazachile.com\/chile\/#\/schema\/logo\/image\/","url":"https:\/\/adelgazachile.com\/chile\/wp-content\/uploads\/2020\/10\/logo1.png","contentUrl":"https:\/\/adelgazachile.com\/chile\/wp-content\/uploads\/2020\/10\/logo1.png","width":2683,"height":970,"caption":"Adelgaza Per\u00fa"},"image":{"@id":"https:\/\/adelgazachile.com\/chile\/#\/schema\/logo\/image\/"},"sameAs":["https:\/\/www.facebook.com\/AdelgazaPeruOficial","https:\/\/www.instagram.com\/adelgazaperuoficial\/","https:\/\/www.youtube.com\/c\/AdelgazaPerOficial","https:\/\/www.tiktok.com\/@adelgazaperuoficial"],"description":"Adelgaza Per\u00fa con 8 a\u00f1os de trayectoria ofrece soluciones personalizadas para la p\u00e9rdida de peso, ayudando a miles de personas a alcanzar sus metas de manera efectiva.","email":"calidad@adelgazaperu.pe","telephone":"01 7397149","legalName":"Adelgaza Per\u00fa"}]}},"_links":{"self":[{"href":"https:\/\/adelgazachile.com\/chile\/wp-json\/wp\/v2\/product\/8733","targetHints":{"allow":["GET"]}}],"collection":[{"href":"https:\/\/adelgazachile.com\/chile\/wp-json\/wp\/v2\/product"}],"about":[{"href":"https:\/\/adelgazachile.com\/chile\/wp-json\/wp\/v2\/types\/product"}],"replies":[{"embeddable":true,"href":"https:\/\/adelgazachile.com\/chile\/wp-json\/wp\/v2\/comments?post=8733"}],"version-history":[{"count":0,"href":"https:\/\/adelgazachile.com\/chile\/wp-json\/wp\/v2\/product\/8733\/revisions"}],"wp:featuredmedia":[{"embeddable":true,"href":"https:\/\/adelgazachile.com\/chile\/wp-json\/wp\/v2\/media\/8790"}],"wp:attachment":[{"href":"https:\/\/adelgazachile.com\/chile\/wp-json\/wp\/v2\/media?parent=8733"}],"wp:term":[{"taxonomy":"product_cat","embeddable":true,"href":"https:\/\/adelgazachile.com\/chile\/wp-json\/wp\/v2\/product_cat?post=8733"},{"taxonomy":"product_tag","embeddable":true,"href":"https:\/\/adelgazachile.com\/chile\/wp-json\/wp\/v2\/product_tag?post=8733"}],"curies":[{"name":"wp","href":"https:\/\/api.w.org\/{rel}","templated":true}]}}