{"id":8734,"date":"2024-07-22T17:33:01","date_gmt":"2024-07-22T17:33:01","guid":{"rendered":"https:\/\/adelgazachile.com\/chile\/?post_type=product&#038;p=8734"},"modified":"2024-07-22T17:33:55","modified_gmt":"2024-07-22T17:33:55","slug":"garcinia-cambogia-l-carnitina-cafe-verde-toronja-500-mg-120-capsulas","status":"publish","type":"product","link":"https:\/\/adelgazachile.com\/chile\/producto\/garcinia-cambogia-l-carnitina-cafe-verde-toronja-500-mg-120-capsulas\/","title":{"rendered":"Garcinia Cambogia + L-carnitina, Caf\u00e9 Verde &#038; Toronja 500 mg | 120 c\u00e1psulas"},"content":{"rendered":"","protected":false},"excerpt":{"rendered":"<p><strong>\u2714\ufe0f \u00bfQu\u00e9 beneficios tiene las pastillas garcinia cambogia?<\/strong><\/p>\n<ul>\n<li>Desintoxicante natural.<\/li>\n<li>Alivio gastrointestinal.<\/li>\n<li>P\u00e9rdida de peso.<\/li>\n<\/ul>\n<p><strong>\u2714\ufe0f Nombre cient\u00edfico:<\/strong>\u00a0Garcinia gummi-gutta, Coffea arabica L y citrus \u00d7 paradisi<\/p>\n<p><strong>\u2714\ufe0f Composici\u00f3n:<\/strong>\u00a085% garcinia cambogia, 5 % L carnitina, 5% cafe verde y 5% toronja en polvo en capsulas vegetales.<\/p>\n<p><strong>\u2714\ufe0f \u00bfC\u00f3mo tomar Garcinia cambogia?<\/strong><br \/>\nSe recomienda ingerir 2 c\u00e1psulas antes de las principales comidas o antes de entrenar, 4 por d\u00eda.<\/p>\n","protected":false},"featured_media":8792,"comment_status":"open","ping_status":"closed","template":"","meta":{"_joinchat":[]},"product_cat":[134],"product_tag":[],"class_list":{"0":"post-8734","1":"product","2":"type-product","3":"status-publish","4":"has-post-thumbnail","6":"product_cat-quemadores-y-aceleradores-de-metabolismo","9":"instock","10":"shipping-taxable","11":"purchasable","12":"product-type-simple"},"yoast_head":"<!-- This site is optimized with the Yoast SEO Premium plugin v22.2 (Yoast SEO v23.9) - https:\/\/yoast.com\/wordpress\/plugins\/seo\/ -->\n<title>Garcinia Cambogia + L-carnitina, Caf\u00e9 Verde &amp; Toronja 500 mg | 120 c\u00e1psulas - Adelgaza Chile<\/title>\n<meta name=\"robots\" content=\"index, follow, max-snippet:-1, max-image-preview:large, max-video-preview:-1\" \/>\n<link rel=\"canonical\" href=\"https:\/\/adelgazachile.com\/chile\/producto\/garcinia-cambogia-l-carnitina-cafe-verde-toronja-500-mg-120-capsulas\/\" \/>\n<meta property=\"og:locale\" content=\"es_ES\" \/>\n<meta property=\"og:type\" content=\"article\" \/>\n<meta property=\"og:title\" content=\"Garcinia Cambogia + L-carnitina, Caf\u00e9 Verde &amp; Toronja 500 mg | 120 c\u00e1psulas\" \/>\n<meta property=\"og:description\" content=\"\u2714\ufe0f \u00bfQu\u00e9 beneficios tiene las pastillas garcinia cambogia?   Desintoxicante natural.  Alivio gastrointestinal.  P\u00e9rdida de peso.  \u2714\ufe0f Nombre cient\u00edfico:\u00a0Garcinia gummi-gutta, Coffea arabica L y citrus \u00d7 paradisi  \u2714\ufe0f Composici\u00f3n:\u00a085% garcinia cambogia, 5 % L carnitina, 5% cafe verde y 5% toronja en polvo en capsulas vegetales.  \u2714\ufe0f \u00bfC\u00f3mo tomar Garcinia cambogia? Se recomienda ingerir 2 c\u00e1psulas antes de las principales comidas o antes de entrenar, 4 por d\u00eda.\" \/>\n<meta property=\"og:url\" content=\"https:\/\/adelgazachile.com\/chile\/producto\/garcinia-cambogia-l-carnitina-cafe-verde-toronja-500-mg-120-capsulas\/\" \/>\n<meta property=\"og:site_name\" content=\"Adelgaza Chile\" \/>\n<meta property=\"article:publisher\" content=\"https:\/\/www.facebook.com\/AdelgazaPeruOficial\" \/>\n<meta property=\"article:modified_time\" content=\"2024-07-22T17:33:55+00:00\" \/>\n<meta property=\"og:image\" content=\"https:\/\/adelgazachile.com\/chile\/adelgazaperu\/http:\/\/adelgazachile.com\/chile\/adelgazaperu\/wp-content\/uploads\/2024\/07\/glcarni.jpg\" \/>\n\t<meta property=\"og:image:width\" content=\"1024\" \/>\n\t<meta property=\"og:image:height\" content=\"1024\" \/>\n\t<meta property=\"og:image:type\" content=\"image\/jpeg\" \/>\n<meta name=\"twitter:card\" content=\"summary_large_image\" \/>\n<script type=\"application\/ld+json\" class=\"yoast-schema-graph\">{\"@context\":\"https:\/\/schema.org\",\"@graph\":[{\"@type\":\"WebPage\",\"@id\":\"https:\/\/adelgazachile.com\/chile\/producto\/garcinia-cambogia-l-carnitina-cafe-verde-toronja-500-mg-120-capsulas\/\",\"url\":\"https:\/\/adelgazachile.com\/chile\/producto\/garcinia-cambogia-l-carnitina-cafe-verde-toronja-500-mg-120-capsulas\/\",\"name\":\"Garcinia Cambogia + L-carnitina, Caf\u00e9 Verde & Toronja 500 mg | 120 c\u00e1psulas - Adelgaza Chile\",\"isPartOf\":{\"@id\":\"https:\/\/adelgazachile.com\/chile\/#website\"},\"primaryImageOfPage\":{\"@id\":\"https:\/\/adelgazachile.com\/chile\/producto\/garcinia-cambogia-l-carnitina-cafe-verde-toronja-500-mg-120-capsulas\/#primaryimage\"},\"image\":{\"@id\":\"https:\/\/adelgazachile.com\/chile\/producto\/garcinia-cambogia-l-carnitina-cafe-verde-toronja-500-mg-120-capsulas\/#primaryimage\"},\"thumbnailUrl\":\"https:\/\/adelgazachile.com\/chile\/wp-content\/uploads\/2024\/07\/glcarni.jpg\",\"datePublished\":\"2024-07-22T17:33:01+00:00\",\"dateModified\":\"2024-07-22T17:33:55+00:00\",\"breadcrumb\":{\"@id\":\"https:\/\/adelgazachile.com\/chile\/producto\/garcinia-cambogia-l-carnitina-cafe-verde-toronja-500-mg-120-capsulas\/#breadcrumb\"},\"inLanguage\":\"es\",\"potentialAction\":[{\"@type\":\"ReadAction\",\"target\":[\"https:\/\/adelgazachile.com\/chile\/producto\/garcinia-cambogia-l-carnitina-cafe-verde-toronja-500-mg-120-capsulas\/\"]}]},{\"@type\":\"ImageObject\",\"inLanguage\":\"es\",\"@id\":\"https:\/\/adelgazachile.com\/chile\/producto\/garcinia-cambogia-l-carnitina-cafe-verde-toronja-500-mg-120-capsulas\/#primaryimage\",\"url\":\"https:\/\/adelgazachile.com\/chile\/wp-content\/uploads\/2024\/07\/glcarni.jpg\",\"contentUrl\":\"https:\/\/adelgazachile.com\/chile\/wp-content\/uploads\/2024\/07\/glcarni.jpg\",\"width\":1024,\"height\":1024},{\"@type\":\"BreadcrumbList\",\"@id\":\"https:\/\/adelgazachile.com\/chile\/producto\/garcinia-cambogia-l-carnitina-cafe-verde-toronja-500-mg-120-capsulas\/#breadcrumb\",\"itemListElement\":[{\"@type\":\"ListItem\",\"position\":1,\"name\":\"Portada\",\"item\":\"https:\/\/adelgazachile.com\/chile\/\"},{\"@type\":\"ListItem\",\"position\":2,\"name\":\"Tienda\",\"item\":\"https:\/\/adelgazachile.com\/chile\/tienda\/\"},{\"@type\":\"ListItem\",\"position\":3,\"name\":\"Garcinia Cambogia + L-carnitina, Caf\u00e9 Verde &#038; Toronja 500 mg | 120 c\u00e1psulas\"}]},{\"@type\":\"WebSite\",\"@id\":\"https:\/\/adelgazachile.com\/chile\/#website\",\"url\":\"https:\/\/adelgazachile.com\/chile\/\",\"name\":\"Adelgaza Per\u00fa\",\"description\":\"Personas que ayudan Personas\",\"publisher\":{\"@id\":\"https:\/\/adelgazachile.com\/chile\/#organization\"},\"potentialAction\":[{\"@type\":\"SearchAction\",\"target\":{\"@type\":\"EntryPoint\",\"urlTemplate\":\"https:\/\/adelgazachile.com\/chile\/?s={search_term_string}\"},\"query-input\":{\"@type\":\"PropertyValueSpecification\",\"valueRequired\":true,\"valueName\":\"search_term_string\"}}],\"inLanguage\":\"es\"},{\"@type\":\"Organization\",\"@id\":\"https:\/\/adelgazachile.com\/chile\/#organization\",\"name\":\"Adelgaza Per\u00fa\",\"url\":\"https:\/\/adelgazachile.com\/chile\/\",\"logo\":{\"@type\":\"ImageObject\",\"inLanguage\":\"es\",\"@id\":\"https:\/\/adelgazachile.com\/chile\/#\/schema\/logo\/image\/\",\"url\":\"https:\/\/adelgazachile.com\/chile\/wp-content\/uploads\/2020\/10\/logo1.png\",\"contentUrl\":\"https:\/\/adelgazachile.com\/chile\/wp-content\/uploads\/2020\/10\/logo1.png\",\"width\":2683,\"height\":970,\"caption\":\"Adelgaza Per\u00fa\"},\"image\":{\"@id\":\"https:\/\/adelgazachile.com\/chile\/#\/schema\/logo\/image\/\"},\"sameAs\":[\"https:\/\/www.facebook.com\/AdelgazaPeruOficial\",\"https:\/\/www.instagram.com\/adelgazaperuoficial\/\",\"https:\/\/www.youtube.com\/c\/AdelgazaPerOficial\",\"https:\/\/www.tiktok.com\/@adelgazaperuoficial\"],\"description\":\"Adelgaza Per\u00fa con 8 a\u00f1os de trayectoria ofrece soluciones personalizadas para la p\u00e9rdida de peso, ayudando a miles de personas a alcanzar sus metas de manera efectiva.\",\"email\":\"calidad@adelgazaperu.pe\",\"telephone\":\"01 7397149\",\"legalName\":\"Adelgaza Per\u00fa\"}]}<\/script>\n<!-- \/ Yoast SEO Premium plugin. -->","yoast_head_json":{"title":"Garcinia Cambogia + L-carnitina, Caf\u00e9 Verde & Toronja 500 mg | 120 c\u00e1psulas - Adelgaza Chile","robots":{"index":"index","follow":"follow","max-snippet":"max-snippet:-1","max-image-preview":"max-image-preview:large","max-video-preview":"max-video-preview:-1"},"canonical":"https:\/\/adelgazachile.com\/chile\/producto\/garcinia-cambogia-l-carnitina-cafe-verde-toronja-500-mg-120-capsulas\/","og_locale":"es_ES","og_type":"article","og_title":"Garcinia Cambogia + L-carnitina, Caf\u00e9 Verde & Toronja 500 mg | 120 c\u00e1psulas","og_description":"\u2714\ufe0f \u00bfQu\u00e9 beneficios tiene las pastillas garcinia cambogia?   Desintoxicante natural.  Alivio gastrointestinal.  P\u00e9rdida de peso.  \u2714\ufe0f Nombre cient\u00edfico:\u00a0Garcinia gummi-gutta, Coffea arabica L y citrus \u00d7 paradisi  \u2714\ufe0f Composici\u00f3n:\u00a085% garcinia cambogia, 5 % L carnitina, 5% cafe verde y 5% toronja en polvo en capsulas vegetales.  \u2714\ufe0f \u00bfC\u00f3mo tomar Garcinia cambogia? Se recomienda ingerir 2 c\u00e1psulas antes de las principales comidas o antes de entrenar, 4 por d\u00eda.","og_url":"https:\/\/adelgazachile.com\/chile\/producto\/garcinia-cambogia-l-carnitina-cafe-verde-toronja-500-mg-120-capsulas\/","og_site_name":"Adelgaza Chile","article_publisher":"https:\/\/www.facebook.com\/AdelgazaPeruOficial","article_modified_time":"2024-07-22T17:33:55+00:00","og_image":[{"width":1024,"height":1024,"url":"https:\/\/adelgazachile.com\/chile\/adelgazaperu\/http:\/\/adelgazachile.com\/chile\/adelgazaperu\/wp-content\/uploads\/2024\/07\/glcarni.jpg","type":"image\/jpeg"}],"twitter_card":"summary_large_image","schema":{"@context":"https:\/\/schema.org","@graph":[{"@type":"WebPage","@id":"https:\/\/adelgazachile.com\/chile\/producto\/garcinia-cambogia-l-carnitina-cafe-verde-toronja-500-mg-120-capsulas\/","url":"https:\/\/adelgazachile.com\/chile\/producto\/garcinia-cambogia-l-carnitina-cafe-verde-toronja-500-mg-120-capsulas\/","name":"Garcinia Cambogia + L-carnitina, Caf\u00e9 Verde & Toronja 500 mg | 120 c\u00e1psulas - Adelgaza Chile","isPartOf":{"@id":"https:\/\/adelgazachile.com\/chile\/#website"},"primaryImageOfPage":{"@id":"https:\/\/adelgazachile.com\/chile\/producto\/garcinia-cambogia-l-carnitina-cafe-verde-toronja-500-mg-120-capsulas\/#primaryimage"},"image":{"@id":"https:\/\/adelgazachile.com\/chile\/producto\/garcinia-cambogia-l-carnitina-cafe-verde-toronja-500-mg-120-capsulas\/#primaryimage"},"thumbnailUrl":"https:\/\/adelgazachile.com\/chile\/wp-content\/uploads\/2024\/07\/glcarni.jpg","datePublished":"2024-07-22T17:33:01+00:00","dateModified":"2024-07-22T17:33:55+00:00","breadcrumb":{"@id":"https:\/\/adelgazachile.com\/chile\/producto\/garcinia-cambogia-l-carnitina-cafe-verde-toronja-500-mg-120-capsulas\/#breadcrumb"},"inLanguage":"es","potentialAction":[{"@type":"ReadAction","target":["https:\/\/adelgazachile.com\/chile\/producto\/garcinia-cambogia-l-carnitina-cafe-verde-toronja-500-mg-120-capsulas\/"]}]},{"@type":"ImageObject","inLanguage":"es","@id":"https:\/\/adelgazachile.com\/chile\/producto\/garcinia-cambogia-l-carnitina-cafe-verde-toronja-500-mg-120-capsulas\/#primaryimage","url":"https:\/\/adelgazachile.com\/chile\/wp-content\/uploads\/2024\/07\/glcarni.jpg","contentUrl":"https:\/\/adelgazachile.com\/chile\/wp-content\/uploads\/2024\/07\/glcarni.jpg","width":1024,"height":1024},{"@type":"BreadcrumbList","@id":"https:\/\/adelgazachile.com\/chile\/producto\/garcinia-cambogia-l-carnitina-cafe-verde-toronja-500-mg-120-capsulas\/#breadcrumb","itemListElement":[{"@type":"ListItem","position":1,"name":"Portada","item":"https:\/\/adelgazachile.com\/chile\/"},{"@type":"ListItem","position":2,"name":"Tienda","item":"https:\/\/adelgazachile.com\/chile\/tienda\/"},{"@type":"ListItem","position":3,"name":"Garcinia Cambogia + L-carnitina, Caf\u00e9 Verde &#038; Toronja 500 mg | 120 c\u00e1psulas"}]},{"@type":"WebSite","@id":"https:\/\/adelgazachile.com\/chile\/#website","url":"https:\/\/adelgazachile.com\/chile\/","name":"Adelgaza Per\u00fa","description":"Personas que ayudan Personas","publisher":{"@id":"https:\/\/adelgazachile.com\/chile\/#organization"},"potentialAction":[{"@type":"SearchAction","target":{"@type":"EntryPoint","urlTemplate":"https:\/\/adelgazachile.com\/chile\/?s={search_term_string}"},"query-input":{"@type":"PropertyValueSpecification","valueRequired":true,"valueName":"search_term_string"}}],"inLanguage":"es"},{"@type":"Organization","@id":"https:\/\/adelgazachile.com\/chile\/#organization","name":"Adelgaza Per\u00fa","url":"https:\/\/adelgazachile.com\/chile\/","logo":{"@type":"ImageObject","inLanguage":"es","@id":"https:\/\/adelgazachile.com\/chile\/#\/schema\/logo\/image\/","url":"https:\/\/adelgazachile.com\/chile\/wp-content\/uploads\/2020\/10\/logo1.png","contentUrl":"https:\/\/adelgazachile.com\/chile\/wp-content\/uploads\/2020\/10\/logo1.png","width":2683,"height":970,"caption":"Adelgaza Per\u00fa"},"image":{"@id":"https:\/\/adelgazachile.com\/chile\/#\/schema\/logo\/image\/"},"sameAs":["https:\/\/www.facebook.com\/AdelgazaPeruOficial","https:\/\/www.instagram.com\/adelgazaperuoficial\/","https:\/\/www.youtube.com\/c\/AdelgazaPerOficial","https:\/\/www.tiktok.com\/@adelgazaperuoficial"],"description":"Adelgaza Per\u00fa con 8 a\u00f1os de trayectoria ofrece soluciones personalizadas para la p\u00e9rdida de peso, ayudando a miles de personas a alcanzar sus metas de manera efectiva.","email":"calidad@adelgazaperu.pe","telephone":"01 7397149","legalName":"Adelgaza Per\u00fa"}]}},"_links":{"self":[{"href":"https:\/\/adelgazachile.com\/chile\/wp-json\/wp\/v2\/product\/8734","targetHints":{"allow":["GET"]}}],"collection":[{"href":"https:\/\/adelgazachile.com\/chile\/wp-json\/wp\/v2\/product"}],"about":[{"href":"https:\/\/adelgazachile.com\/chile\/wp-json\/wp\/v2\/types\/product"}],"replies":[{"embeddable":true,"href":"https:\/\/adelgazachile.com\/chile\/wp-json\/wp\/v2\/comments?post=8734"}],"version-history":[{"count":0,"href":"https:\/\/adelgazachile.com\/chile\/wp-json\/wp\/v2\/product\/8734\/revisions"}],"wp:featuredmedia":[{"embeddable":true,"href":"https:\/\/adelgazachile.com\/chile\/wp-json\/wp\/v2\/media\/8792"}],"wp:attachment":[{"href":"https:\/\/adelgazachile.com\/chile\/wp-json\/wp\/v2\/media?parent=8734"}],"wp:term":[{"taxonomy":"product_cat","embeddable":true,"href":"https:\/\/adelgazachile.com\/chile\/wp-json\/wp\/v2\/product_cat?post=8734"},{"taxonomy":"product_tag","embeddable":true,"href":"https:\/\/adelgazachile.com\/chile\/wp-json\/wp\/v2\/product_tag?post=8734"}],"curies":[{"name":"wp","href":"https:\/\/api.w.org\/{rel}","templated":true}]}}