{"id":8735,"date":"2024-07-22T17:33:01","date_gmt":"2024-07-22T17:33:01","guid":{"rendered":"https:\/\/adelgazachile.com\/chile\/?post_type=product&#038;p=8735"},"modified":"2024-07-22T17:33:56","modified_gmt":"2024-07-22T17:33:56","slug":"garcinia-cambogia-l-carnitina-comasi-300-gr","status":"publish","type":"product","link":"https:\/\/adelgazachile.com\/chile\/producto\/garcinia-cambogia-l-carnitina-comasi-300-gr\/","title":{"rendered":"Garcinia cambogia + l-carnitina comasi 300 gr"},"content":{"rendered":"","protected":false},"excerpt":{"rendered":"<p>\u2714\ufe0f Procedencia:Hecho en Per\u00fa.<\/p>\n<p><strong>\u2714\ufe0f Garcinia cambogia + l-carnitina comasi 300 gr &#8211; adelgazante y tonificante.<\/strong><\/p>\n<p>\u2714\ufe0f La garcinia cambogia comasi tiene un efecto\u00a0 beneficioso en la reducci\u00f3n de la grasa del organismo gracias a los principios activos(Acido hidroxicitrico y la l-carnitina).<\/p>\n<p>\u2714\ufe0f Gracias a sus ingredientes la garcinia cambogia\u00a0 comasi contiene propiedades\u00a0 adelgazantes que aumentan los niveles de serotonina que provoca la reducci\u00f3n del apetito adem\u00e1s proporciona saciedad.<\/p>\n<p>En comasi Somos una empresa peruana que se especializa en la creaci\u00f3n de complementos alimenticios naturales. Contamos con una gran experiencia distribuyendo productos naturales logrando potenciar la vida de miles de familias en todo latinoam\u00e9rica.<\/p>\n<p>\u2714\ufe0f <strong>Beneficios del Garcinia cambogia + l-carnitina<\/strong><\/p>\n<p>Para obtener resultados excelentes en el consumo de este producto seguir las indicaciones indicados en el r\u00f3tulo del producto.<\/p>\n<ul>\n<li>Ayuda a eliminar la Grasa anat\u00f3mico.<\/li>\n<li>Reduce la saciedad.<\/li>\n<li>Reduce la Anciedad.<\/li>\n<li>Reduce los triglic\u00e9ridos y sube la energ\u00eda.<\/li>\n<li>Previene enfermedades cardiacas y la diabetes.<\/li>\n<li>Ayuda a limpiar el colon.<\/li>\n<\/ul>\n","protected":false},"featured_media":8794,"comment_status":"open","ping_status":"closed","template":"","meta":{"_joinchat":[]},"product_cat":[134],"product_tag":[],"class_list":{"0":"post-8735","1":"product","2":"type-product","3":"status-publish","4":"has-post-thumbnail","6":"product_cat-quemadores-y-aceleradores-de-metabolismo","9":"instock","10":"shipping-taxable","11":"purchasable","12":"product-type-simple"},"yoast_head":"<!-- This site is optimized with the Yoast SEO Premium plugin v22.2 (Yoast SEO v23.9) - https:\/\/yoast.com\/wordpress\/plugins\/seo\/ -->\n<title>Garcinia cambogia + l-carnitina comasi 300 gr - Adelgaza Chile<\/title>\n<meta name=\"robots\" content=\"index, follow, max-snippet:-1, max-image-preview:large, max-video-preview:-1\" \/>\n<link rel=\"canonical\" href=\"https:\/\/adelgazachile.com\/chile\/producto\/garcinia-cambogia-l-carnitina-comasi-300-gr\/\" \/>\n<meta property=\"og:locale\" content=\"es_ES\" \/>\n<meta property=\"og:type\" content=\"article\" \/>\n<meta property=\"og:title\" content=\"Garcinia cambogia + l-carnitina comasi 300 gr\" \/>\n<meta property=\"og:description\" content=\"\u2714\ufe0f Procedencia:Hecho en Per\u00fa.  \u2714\ufe0f Garcinia cambogia + l-carnitina comasi 300 gr - adelgazante y tonificante.  \u2714\ufe0f La garcinia cambogia comasi tiene un efecto\u00a0 beneficioso en la reducci\u00f3n de la grasa del organismo gracias a los principios activos(Acido hidroxicitrico y la l-carnitina).  \u2714\ufe0f Gracias a sus ingredientes la garcinia cambogia\u00a0 comasi contiene propiedades\u00a0 adelgazantes que aumentan los niveles de serotonina que provoca la reducci\u00f3n del apetito adem\u00e1s proporciona saciedad.  En comasi Somos una empresa peruana que se especializa en la creaci\u00f3n de complementos alimenticios naturales. Contamos con una gran experiencia distribuyendo productos naturales logrando potenciar la vida de miles de familias en todo latinoam\u00e9rica.  \u2714\ufe0f Beneficios del Garcinia cambogia + l-carnitina  Para obtener resultados excelentes en el consumo de este producto seguir las indicaciones indicados en el r\u00f3tulo del producto.   Ayuda a eliminar la Grasa anat\u00f3mico.  Reduce la saciedad.  Reduce la Anciedad.  Reduce los triglic\u00e9ridos y sube la energ\u00eda.  Previene enfermedades cardiacas y la diabetes.  Ayuda a limpiar el colon.\" \/>\n<meta property=\"og:url\" content=\"https:\/\/adelgazachile.com\/chile\/producto\/garcinia-cambogia-l-carnitina-comasi-300-gr\/\" \/>\n<meta property=\"og:site_name\" content=\"Adelgaza Chile\" \/>\n<meta property=\"article:publisher\" content=\"https:\/\/www.facebook.com\/AdelgazaPeruOficial\" \/>\n<meta property=\"article:modified_time\" content=\"2024-07-22T17:33:56+00:00\" \/>\n<meta property=\"og:image\" content=\"https:\/\/adelgazachile.com\/chile\/adelgazaperu\/http:\/\/adelgazachile.com\/chile\/adelgazaperu\/wp-content\/uploads\/2024\/07\/garciniac.jpg\" \/>\n\t<meta property=\"og:image:width\" content=\"1024\" \/>\n\t<meta property=\"og:image:height\" content=\"1024\" \/>\n\t<meta property=\"og:image:type\" content=\"image\/jpeg\" \/>\n<meta name=\"twitter:card\" content=\"summary_large_image\" \/>\n<script type=\"application\/ld+json\" class=\"yoast-schema-graph\">{\"@context\":\"https:\/\/schema.org\",\"@graph\":[{\"@type\":\"WebPage\",\"@id\":\"https:\/\/adelgazachile.com\/chile\/producto\/garcinia-cambogia-l-carnitina-comasi-300-gr\/\",\"url\":\"https:\/\/adelgazachile.com\/chile\/producto\/garcinia-cambogia-l-carnitina-comasi-300-gr\/\",\"name\":\"Garcinia cambogia + l-carnitina comasi 300 gr - Adelgaza Chile\",\"isPartOf\":{\"@id\":\"https:\/\/adelgazachile.com\/chile\/#website\"},\"primaryImageOfPage\":{\"@id\":\"https:\/\/adelgazachile.com\/chile\/producto\/garcinia-cambogia-l-carnitina-comasi-300-gr\/#primaryimage\"},\"image\":{\"@id\":\"https:\/\/adelgazachile.com\/chile\/producto\/garcinia-cambogia-l-carnitina-comasi-300-gr\/#primaryimage\"},\"thumbnailUrl\":\"https:\/\/adelgazachile.com\/chile\/wp-content\/uploads\/2024\/07\/garciniac.jpg\",\"datePublished\":\"2024-07-22T17:33:01+00:00\",\"dateModified\":\"2024-07-22T17:33:56+00:00\",\"breadcrumb\":{\"@id\":\"https:\/\/adelgazachile.com\/chile\/producto\/garcinia-cambogia-l-carnitina-comasi-300-gr\/#breadcrumb\"},\"inLanguage\":\"es\",\"potentialAction\":[{\"@type\":\"ReadAction\",\"target\":[\"https:\/\/adelgazachile.com\/chile\/producto\/garcinia-cambogia-l-carnitina-comasi-300-gr\/\"]}]},{\"@type\":\"ImageObject\",\"inLanguage\":\"es\",\"@id\":\"https:\/\/adelgazachile.com\/chile\/producto\/garcinia-cambogia-l-carnitina-comasi-300-gr\/#primaryimage\",\"url\":\"https:\/\/adelgazachile.com\/chile\/wp-content\/uploads\/2024\/07\/garciniac.jpg\",\"contentUrl\":\"https:\/\/adelgazachile.com\/chile\/wp-content\/uploads\/2024\/07\/garciniac.jpg\",\"width\":1024,\"height\":1024},{\"@type\":\"BreadcrumbList\",\"@id\":\"https:\/\/adelgazachile.com\/chile\/producto\/garcinia-cambogia-l-carnitina-comasi-300-gr\/#breadcrumb\",\"itemListElement\":[{\"@type\":\"ListItem\",\"position\":1,\"name\":\"Portada\",\"item\":\"https:\/\/adelgazachile.com\/chile\/\"},{\"@type\":\"ListItem\",\"position\":2,\"name\":\"Tienda\",\"item\":\"https:\/\/adelgazachile.com\/chile\/tienda\/\"},{\"@type\":\"ListItem\",\"position\":3,\"name\":\"Garcinia cambogia + l-carnitina comasi 300 gr\"}]},{\"@type\":\"WebSite\",\"@id\":\"https:\/\/adelgazachile.com\/chile\/#website\",\"url\":\"https:\/\/adelgazachile.com\/chile\/\",\"name\":\"Adelgaza Per\u00fa\",\"description\":\"Personas que ayudan Personas\",\"publisher\":{\"@id\":\"https:\/\/adelgazachile.com\/chile\/#organization\"},\"potentialAction\":[{\"@type\":\"SearchAction\",\"target\":{\"@type\":\"EntryPoint\",\"urlTemplate\":\"https:\/\/adelgazachile.com\/chile\/?s={search_term_string}\"},\"query-input\":{\"@type\":\"PropertyValueSpecification\",\"valueRequired\":true,\"valueName\":\"search_term_string\"}}],\"inLanguage\":\"es\"},{\"@type\":\"Organization\",\"@id\":\"https:\/\/adelgazachile.com\/chile\/#organization\",\"name\":\"Adelgaza Per\u00fa\",\"url\":\"https:\/\/adelgazachile.com\/chile\/\",\"logo\":{\"@type\":\"ImageObject\",\"inLanguage\":\"es\",\"@id\":\"https:\/\/adelgazachile.com\/chile\/#\/schema\/logo\/image\/\",\"url\":\"https:\/\/adelgazachile.com\/chile\/wp-content\/uploads\/2020\/10\/logo1.png\",\"contentUrl\":\"https:\/\/adelgazachile.com\/chile\/wp-content\/uploads\/2020\/10\/logo1.png\",\"width\":2683,\"height\":970,\"caption\":\"Adelgaza Per\u00fa\"},\"image\":{\"@id\":\"https:\/\/adelgazachile.com\/chile\/#\/schema\/logo\/image\/\"},\"sameAs\":[\"https:\/\/www.facebook.com\/AdelgazaPeruOficial\",\"https:\/\/www.instagram.com\/adelgazaperuoficial\/\",\"https:\/\/www.youtube.com\/c\/AdelgazaPerOficial\",\"https:\/\/www.tiktok.com\/@adelgazaperuoficial\"],\"description\":\"Adelgaza Per\u00fa con 8 a\u00f1os de trayectoria ofrece soluciones personalizadas para la p\u00e9rdida de peso, ayudando a miles de personas a alcanzar sus metas de manera efectiva.\",\"email\":\"calidad@adelgazaperu.pe\",\"telephone\":\"01 7397149\",\"legalName\":\"Adelgaza Per\u00fa\"}]}<\/script>\n<!-- \/ Yoast SEO Premium plugin. -->","yoast_head_json":{"title":"Garcinia cambogia + l-carnitina comasi 300 gr - Adelgaza Chile","robots":{"index":"index","follow":"follow","max-snippet":"max-snippet:-1","max-image-preview":"max-image-preview:large","max-video-preview":"max-video-preview:-1"},"canonical":"https:\/\/adelgazachile.com\/chile\/producto\/garcinia-cambogia-l-carnitina-comasi-300-gr\/","og_locale":"es_ES","og_type":"article","og_title":"Garcinia cambogia + l-carnitina comasi 300 gr","og_description":"\u2714\ufe0f Procedencia:Hecho en Per\u00fa.  \u2714\ufe0f Garcinia cambogia + l-carnitina comasi 300 gr - adelgazante y tonificante.  \u2714\ufe0f La garcinia cambogia comasi tiene un efecto\u00a0 beneficioso en la reducci\u00f3n de la grasa del organismo gracias a los principios activos(Acido hidroxicitrico y la l-carnitina).  \u2714\ufe0f Gracias a sus ingredientes la garcinia cambogia\u00a0 comasi contiene propiedades\u00a0 adelgazantes que aumentan los niveles de serotonina que provoca la reducci\u00f3n del apetito adem\u00e1s proporciona saciedad.  En comasi Somos una empresa peruana que se especializa en la creaci\u00f3n de complementos alimenticios naturales. Contamos con una gran experiencia distribuyendo productos naturales logrando potenciar la vida de miles de familias en todo latinoam\u00e9rica.  \u2714\ufe0f Beneficios del Garcinia cambogia + l-carnitina  Para obtener resultados excelentes en el consumo de este producto seguir las indicaciones indicados en el r\u00f3tulo del producto.   Ayuda a eliminar la Grasa anat\u00f3mico.  Reduce la saciedad.  Reduce la Anciedad.  Reduce los triglic\u00e9ridos y sube la energ\u00eda.  Previene enfermedades cardiacas y la diabetes.  Ayuda a limpiar el colon.","og_url":"https:\/\/adelgazachile.com\/chile\/producto\/garcinia-cambogia-l-carnitina-comasi-300-gr\/","og_site_name":"Adelgaza Chile","article_publisher":"https:\/\/www.facebook.com\/AdelgazaPeruOficial","article_modified_time":"2024-07-22T17:33:56+00:00","og_image":[{"width":1024,"height":1024,"url":"https:\/\/adelgazachile.com\/chile\/adelgazaperu\/http:\/\/adelgazachile.com\/chile\/adelgazaperu\/wp-content\/uploads\/2024\/07\/garciniac.jpg","type":"image\/jpeg"}],"twitter_card":"summary_large_image","schema":{"@context":"https:\/\/schema.org","@graph":[{"@type":"WebPage","@id":"https:\/\/adelgazachile.com\/chile\/producto\/garcinia-cambogia-l-carnitina-comasi-300-gr\/","url":"https:\/\/adelgazachile.com\/chile\/producto\/garcinia-cambogia-l-carnitina-comasi-300-gr\/","name":"Garcinia cambogia + l-carnitina comasi 300 gr - Adelgaza Chile","isPartOf":{"@id":"https:\/\/adelgazachile.com\/chile\/#website"},"primaryImageOfPage":{"@id":"https:\/\/adelgazachile.com\/chile\/producto\/garcinia-cambogia-l-carnitina-comasi-300-gr\/#primaryimage"},"image":{"@id":"https:\/\/adelgazachile.com\/chile\/producto\/garcinia-cambogia-l-carnitina-comasi-300-gr\/#primaryimage"},"thumbnailUrl":"https:\/\/adelgazachile.com\/chile\/wp-content\/uploads\/2024\/07\/garciniac.jpg","datePublished":"2024-07-22T17:33:01+00:00","dateModified":"2024-07-22T17:33:56+00:00","breadcrumb":{"@id":"https:\/\/adelgazachile.com\/chile\/producto\/garcinia-cambogia-l-carnitina-comasi-300-gr\/#breadcrumb"},"inLanguage":"es","potentialAction":[{"@type":"ReadAction","target":["https:\/\/adelgazachile.com\/chile\/producto\/garcinia-cambogia-l-carnitina-comasi-300-gr\/"]}]},{"@type":"ImageObject","inLanguage":"es","@id":"https:\/\/adelgazachile.com\/chile\/producto\/garcinia-cambogia-l-carnitina-comasi-300-gr\/#primaryimage","url":"https:\/\/adelgazachile.com\/chile\/wp-content\/uploads\/2024\/07\/garciniac.jpg","contentUrl":"https:\/\/adelgazachile.com\/chile\/wp-content\/uploads\/2024\/07\/garciniac.jpg","width":1024,"height":1024},{"@type":"BreadcrumbList","@id":"https:\/\/adelgazachile.com\/chile\/producto\/garcinia-cambogia-l-carnitina-comasi-300-gr\/#breadcrumb","itemListElement":[{"@type":"ListItem","position":1,"name":"Portada","item":"https:\/\/adelgazachile.com\/chile\/"},{"@type":"ListItem","position":2,"name":"Tienda","item":"https:\/\/adelgazachile.com\/chile\/tienda\/"},{"@type":"ListItem","position":3,"name":"Garcinia cambogia + l-carnitina comasi 300 gr"}]},{"@type":"WebSite","@id":"https:\/\/adelgazachile.com\/chile\/#website","url":"https:\/\/adelgazachile.com\/chile\/","name":"Adelgaza Per\u00fa","description":"Personas que ayudan Personas","publisher":{"@id":"https:\/\/adelgazachile.com\/chile\/#organization"},"potentialAction":[{"@type":"SearchAction","target":{"@type":"EntryPoint","urlTemplate":"https:\/\/adelgazachile.com\/chile\/?s={search_term_string}"},"query-input":{"@type":"PropertyValueSpecification","valueRequired":true,"valueName":"search_term_string"}}],"inLanguage":"es"},{"@type":"Organization","@id":"https:\/\/adelgazachile.com\/chile\/#organization","name":"Adelgaza Per\u00fa","url":"https:\/\/adelgazachile.com\/chile\/","logo":{"@type":"ImageObject","inLanguage":"es","@id":"https:\/\/adelgazachile.com\/chile\/#\/schema\/logo\/image\/","url":"https:\/\/adelgazachile.com\/chile\/wp-content\/uploads\/2020\/10\/logo1.png","contentUrl":"https:\/\/adelgazachile.com\/chile\/wp-content\/uploads\/2020\/10\/logo1.png","width":2683,"height":970,"caption":"Adelgaza Per\u00fa"},"image":{"@id":"https:\/\/adelgazachile.com\/chile\/#\/schema\/logo\/image\/"},"sameAs":["https:\/\/www.facebook.com\/AdelgazaPeruOficial","https:\/\/www.instagram.com\/adelgazaperuoficial\/","https:\/\/www.youtube.com\/c\/AdelgazaPerOficial","https:\/\/www.tiktok.com\/@adelgazaperuoficial"],"description":"Adelgaza Per\u00fa con 8 a\u00f1os de trayectoria ofrece soluciones personalizadas para la p\u00e9rdida de peso, ayudando a miles de personas a alcanzar sus metas de manera efectiva.","email":"calidad@adelgazaperu.pe","telephone":"01 7397149","legalName":"Adelgaza Per\u00fa"}]}},"_links":{"self":[{"href":"https:\/\/adelgazachile.com\/chile\/wp-json\/wp\/v2\/product\/8735","targetHints":{"allow":["GET"]}}],"collection":[{"href":"https:\/\/adelgazachile.com\/chile\/wp-json\/wp\/v2\/product"}],"about":[{"href":"https:\/\/adelgazachile.com\/chile\/wp-json\/wp\/v2\/types\/product"}],"replies":[{"embeddable":true,"href":"https:\/\/adelgazachile.com\/chile\/wp-json\/wp\/v2\/comments?post=8735"}],"version-history":[{"count":0,"href":"https:\/\/adelgazachile.com\/chile\/wp-json\/wp\/v2\/product\/8735\/revisions"}],"wp:featuredmedia":[{"embeddable":true,"href":"https:\/\/adelgazachile.com\/chile\/wp-json\/wp\/v2\/media\/8794"}],"wp:attachment":[{"href":"https:\/\/adelgazachile.com\/chile\/wp-json\/wp\/v2\/media?parent=8735"}],"wp:term":[{"taxonomy":"product_cat","embeddable":true,"href":"https:\/\/adelgazachile.com\/chile\/wp-json\/wp\/v2\/product_cat?post=8735"},{"taxonomy":"product_tag","embeddable":true,"href":"https:\/\/adelgazachile.com\/chile\/wp-json\/wp\/v2\/product_tag?post=8735"}],"curies":[{"name":"wp","href":"https:\/\/api.w.org\/{rel}","templated":true}]}}