{"id":8736,"date":"2024-07-22T17:33:01","date_gmt":"2024-07-22T17:33:01","guid":{"rendered":"https:\/\/adelgazachile.com\/chile\/?post_type=product&#038;p=8736"},"modified":"2024-07-22T17:33:56","modified_gmt":"2024-07-22T17:33:56","slug":"garcinia-cambogia-l-carnitia-te-verde-180-capsulas-qualnat","status":"publish","type":"product","link":"https:\/\/adelgazachile.com\/chile\/producto\/garcinia-cambogia-l-carnitia-te-verde-180-capsulas-qualnat\/","title":{"rendered":"Garcinia Cambogia + L-Carnitia + T\u00e9 Verde | 180 C\u00c1PSULAS \u2013 QUALNAT"},"content":{"rendered":"","protected":false},"excerpt":{"rendered":"<p><b>\u2714\ufe0f SUPLEMENTO ALIMENTICIO<\/b>\u2013 El ingrediente activo de la Garcinia Cambogia es el HCA contribuye a la s\u00edntesis prote\u00ednica normal y contribuyen al metabolismo normal de los macronutrientes.<\/p>\n<p><strong>\u2714\ufe0f GARCINIA CAMBOGIA<\/strong>\u00a0\u2013 Suplemento alimenticio\u00a0 con L-Carnitina y T\u00e9 verde. 180 c\u00e1psulas vegetales para hombre y mujer efectivas como suplemento de una vida sana.<\/p>\n<p><strong>\u2714\ufe0f C\u00c1PSULAS NATURALES<\/strong>\u00a0\u2013 Hazte ya con las c\u00e1psulas vegetales de Garcinia Cambogia pura con L-Carnitina, HCA 60% y t\u00e9 verde para hombre y mujer.<\/p>\n<p><span style=\"color: #ff0000;\">\u2764\u00a0<\/span><strong>GARANTIA DE CALIDAD<\/strong>\u00a0\u2013 Los Complementos de Qualnat se fabrican bajo las exigencias de las normativas de la Uni\u00f3n Europea, lo que otorga a nuestros productos el m\u00e1ximo reconocimiento de Garant\u00eda y Calidad.<\/p>\n","protected":false},"featured_media":8796,"comment_status":"open","ping_status":"closed","template":"","meta":{"_joinchat":[]},"product_cat":[132,131],"product_tag":[],"class_list":{"0":"post-8736","1":"product","2":"type-product","3":"status-publish","4":"has-post-thumbnail","6":"product_cat-100-naturales","7":"product_cat-complementos-y-accesorios","10":"instock","11":"shipping-taxable","12":"purchasable","13":"product-type-simple"},"yoast_head":"<!-- This site is optimized with the Yoast SEO Premium plugin v22.2 (Yoast SEO v23.9) - https:\/\/yoast.com\/wordpress\/plugins\/seo\/ -->\n<title>Garcinia Cambogia + L-Carnitia + T\u00e9 Verde | 180 C\u00c1PSULAS \u2013 QUALNAT - Adelgaza Chile<\/title>\n<meta name=\"robots\" content=\"index, follow, max-snippet:-1, max-image-preview:large, max-video-preview:-1\" \/>\n<link rel=\"canonical\" href=\"https:\/\/adelgazachile.com\/chile\/producto\/garcinia-cambogia-l-carnitia-te-verde-180-capsulas-qualnat\/\" \/>\n<meta property=\"og:locale\" content=\"es_ES\" \/>\n<meta property=\"og:type\" content=\"article\" \/>\n<meta property=\"og:title\" content=\"Garcinia Cambogia + L-Carnitia + T\u00e9 Verde | 180 C\u00c1PSULAS \u2013 QUALNAT\" \/>\n<meta property=\"og:description\" content=\"\u2714\ufe0f SUPLEMENTO ALIMENTICIO\u2013 El ingrediente activo de la Garcinia Cambogia es el HCA contribuye a la s\u00edntesis prote\u00ednica normal y contribuyen al metabolismo normal de los macronutrientes.  \u2714\ufe0f GARCINIA CAMBOGIA\u00a0\u2013 Suplemento alimenticio\u00a0 con L-Carnitina y T\u00e9 verde. 180 c\u00e1psulas vegetales para hombre y mujer efectivas como suplemento de una vida sana.  \u2714\ufe0f C\u00c1PSULAS NATURALES\u00a0\u2013 Hazte ya con las c\u00e1psulas vegetales de Garcinia Cambogia pura con L-Carnitina, HCA 60% y t\u00e9 verde para hombre y mujer.  \u2764\u00a0GARANTIA DE CALIDAD\u00a0\u2013 Los Complementos de Qualnat se fabrican bajo las exigencias de las normativas de la Uni\u00f3n Europea, lo que otorga a nuestros productos el m\u00e1ximo reconocimiento de Garant\u00eda y Calidad.\" \/>\n<meta property=\"og:url\" content=\"https:\/\/adelgazachile.com\/chile\/producto\/garcinia-cambogia-l-carnitia-te-verde-180-capsulas-qualnat\/\" \/>\n<meta property=\"og:site_name\" content=\"Adelgaza Chile\" \/>\n<meta property=\"article:publisher\" content=\"https:\/\/www.facebook.com\/AdelgazaPeruOficial\" \/>\n<meta property=\"article:modified_time\" content=\"2024-07-22T17:33:56+00:00\" \/>\n<meta property=\"og:image\" content=\"https:\/\/adelgazachile.com\/chile\/adelgazaperu\/http:\/\/adelgazachile.com\/chile\/adelgazaperu\/wp-content\/uploads\/2024\/07\/garnbacambogiane.jpg\" \/>\n\t<meta property=\"og:image:width\" content=\"1024\" \/>\n\t<meta property=\"og:image:height\" content=\"1024\" \/>\n\t<meta property=\"og:image:type\" content=\"image\/jpeg\" \/>\n<meta name=\"twitter:card\" content=\"summary_large_image\" \/>\n<script type=\"application\/ld+json\" class=\"yoast-schema-graph\">{\"@context\":\"https:\/\/schema.org\",\"@graph\":[{\"@type\":\"WebPage\",\"@id\":\"https:\/\/adelgazachile.com\/chile\/producto\/garcinia-cambogia-l-carnitia-te-verde-180-capsulas-qualnat\/\",\"url\":\"https:\/\/adelgazachile.com\/chile\/producto\/garcinia-cambogia-l-carnitia-te-verde-180-capsulas-qualnat\/\",\"name\":\"Garcinia Cambogia + L-Carnitia + T\u00e9 Verde | 180 C\u00c1PSULAS \u2013 QUALNAT - Adelgaza Chile\",\"isPartOf\":{\"@id\":\"https:\/\/adelgazachile.com\/chile\/#website\"},\"primaryImageOfPage\":{\"@id\":\"https:\/\/adelgazachile.com\/chile\/producto\/garcinia-cambogia-l-carnitia-te-verde-180-capsulas-qualnat\/#primaryimage\"},\"image\":{\"@id\":\"https:\/\/adelgazachile.com\/chile\/producto\/garcinia-cambogia-l-carnitia-te-verde-180-capsulas-qualnat\/#primaryimage\"},\"thumbnailUrl\":\"https:\/\/adelgazachile.com\/chile\/wp-content\/uploads\/2024\/07\/garnbacambogiane.jpg\",\"datePublished\":\"2024-07-22T17:33:01+00:00\",\"dateModified\":\"2024-07-22T17:33:56+00:00\",\"breadcrumb\":{\"@id\":\"https:\/\/adelgazachile.com\/chile\/producto\/garcinia-cambogia-l-carnitia-te-verde-180-capsulas-qualnat\/#breadcrumb\"},\"inLanguage\":\"es\",\"potentialAction\":[{\"@type\":\"ReadAction\",\"target\":[\"https:\/\/adelgazachile.com\/chile\/producto\/garcinia-cambogia-l-carnitia-te-verde-180-capsulas-qualnat\/\"]}]},{\"@type\":\"ImageObject\",\"inLanguage\":\"es\",\"@id\":\"https:\/\/adelgazachile.com\/chile\/producto\/garcinia-cambogia-l-carnitia-te-verde-180-capsulas-qualnat\/#primaryimage\",\"url\":\"https:\/\/adelgazachile.com\/chile\/wp-content\/uploads\/2024\/07\/garnbacambogiane.jpg\",\"contentUrl\":\"https:\/\/adelgazachile.com\/chile\/wp-content\/uploads\/2024\/07\/garnbacambogiane.jpg\",\"width\":1024,\"height\":1024},{\"@type\":\"BreadcrumbList\",\"@id\":\"https:\/\/adelgazachile.com\/chile\/producto\/garcinia-cambogia-l-carnitia-te-verde-180-capsulas-qualnat\/#breadcrumb\",\"itemListElement\":[{\"@type\":\"ListItem\",\"position\":1,\"name\":\"Portada\",\"item\":\"https:\/\/adelgazachile.com\/chile\/\"},{\"@type\":\"ListItem\",\"position\":2,\"name\":\"Tienda\",\"item\":\"https:\/\/adelgazachile.com\/chile\/tienda\/\"},{\"@type\":\"ListItem\",\"position\":3,\"name\":\"Garcinia Cambogia + L-Carnitia + T\u00e9 Verde | 180 C\u00c1PSULAS \u2013 QUALNAT\"}]},{\"@type\":\"WebSite\",\"@id\":\"https:\/\/adelgazachile.com\/chile\/#website\",\"url\":\"https:\/\/adelgazachile.com\/chile\/\",\"name\":\"Adelgaza Per\u00fa\",\"description\":\"Personas que ayudan Personas\",\"publisher\":{\"@id\":\"https:\/\/adelgazachile.com\/chile\/#organization\"},\"potentialAction\":[{\"@type\":\"SearchAction\",\"target\":{\"@type\":\"EntryPoint\",\"urlTemplate\":\"https:\/\/adelgazachile.com\/chile\/?s={search_term_string}\"},\"query-input\":{\"@type\":\"PropertyValueSpecification\",\"valueRequired\":true,\"valueName\":\"search_term_string\"}}],\"inLanguage\":\"es\"},{\"@type\":\"Organization\",\"@id\":\"https:\/\/adelgazachile.com\/chile\/#organization\",\"name\":\"Adelgaza Per\u00fa\",\"url\":\"https:\/\/adelgazachile.com\/chile\/\",\"logo\":{\"@type\":\"ImageObject\",\"inLanguage\":\"es\",\"@id\":\"https:\/\/adelgazachile.com\/chile\/#\/schema\/logo\/image\/\",\"url\":\"https:\/\/adelgazachile.com\/chile\/wp-content\/uploads\/2020\/10\/logo1.png\",\"contentUrl\":\"https:\/\/adelgazachile.com\/chile\/wp-content\/uploads\/2020\/10\/logo1.png\",\"width\":2683,\"height\":970,\"caption\":\"Adelgaza Per\u00fa\"},\"image\":{\"@id\":\"https:\/\/adelgazachile.com\/chile\/#\/schema\/logo\/image\/\"},\"sameAs\":[\"https:\/\/www.facebook.com\/AdelgazaPeruOficial\",\"https:\/\/www.instagram.com\/adelgazaperuoficial\/\",\"https:\/\/www.youtube.com\/c\/AdelgazaPerOficial\",\"https:\/\/www.tiktok.com\/@adelgazaperuoficial\"],\"description\":\"Adelgaza Per\u00fa con 8 a\u00f1os de trayectoria ofrece soluciones personalizadas para la p\u00e9rdida de peso, ayudando a miles de personas a alcanzar sus metas de manera efectiva.\",\"email\":\"calidad@adelgazaperu.pe\",\"telephone\":\"01 7397149\",\"legalName\":\"Adelgaza Per\u00fa\"}]}<\/script>\n<!-- \/ Yoast SEO Premium plugin. -->","yoast_head_json":{"title":"Garcinia Cambogia + L-Carnitia + T\u00e9 Verde | 180 C\u00c1PSULAS \u2013 QUALNAT - Adelgaza Chile","robots":{"index":"index","follow":"follow","max-snippet":"max-snippet:-1","max-image-preview":"max-image-preview:large","max-video-preview":"max-video-preview:-1"},"canonical":"https:\/\/adelgazachile.com\/chile\/producto\/garcinia-cambogia-l-carnitia-te-verde-180-capsulas-qualnat\/","og_locale":"es_ES","og_type":"article","og_title":"Garcinia Cambogia + L-Carnitia + T\u00e9 Verde | 180 C\u00c1PSULAS \u2013 QUALNAT","og_description":"\u2714\ufe0f SUPLEMENTO ALIMENTICIO\u2013 El ingrediente activo de la Garcinia Cambogia es el HCA contribuye a la s\u00edntesis prote\u00ednica normal y contribuyen al metabolismo normal de los macronutrientes.  \u2714\ufe0f GARCINIA CAMBOGIA\u00a0\u2013 Suplemento alimenticio\u00a0 con L-Carnitina y T\u00e9 verde. 180 c\u00e1psulas vegetales para hombre y mujer efectivas como suplemento de una vida sana.  \u2714\ufe0f C\u00c1PSULAS NATURALES\u00a0\u2013 Hazte ya con las c\u00e1psulas vegetales de Garcinia Cambogia pura con L-Carnitina, HCA 60% y t\u00e9 verde para hombre y mujer.  \u2764\u00a0GARANTIA DE CALIDAD\u00a0\u2013 Los Complementos de Qualnat se fabrican bajo las exigencias de las normativas de la Uni\u00f3n Europea, lo que otorga a nuestros productos el m\u00e1ximo reconocimiento de Garant\u00eda y Calidad.","og_url":"https:\/\/adelgazachile.com\/chile\/producto\/garcinia-cambogia-l-carnitia-te-verde-180-capsulas-qualnat\/","og_site_name":"Adelgaza Chile","article_publisher":"https:\/\/www.facebook.com\/AdelgazaPeruOficial","article_modified_time":"2024-07-22T17:33:56+00:00","og_image":[{"width":1024,"height":1024,"url":"https:\/\/adelgazachile.com\/chile\/adelgazaperu\/http:\/\/adelgazachile.com\/chile\/adelgazaperu\/wp-content\/uploads\/2024\/07\/garnbacambogiane.jpg","type":"image\/jpeg"}],"twitter_card":"summary_large_image","schema":{"@context":"https:\/\/schema.org","@graph":[{"@type":"WebPage","@id":"https:\/\/adelgazachile.com\/chile\/producto\/garcinia-cambogia-l-carnitia-te-verde-180-capsulas-qualnat\/","url":"https:\/\/adelgazachile.com\/chile\/producto\/garcinia-cambogia-l-carnitia-te-verde-180-capsulas-qualnat\/","name":"Garcinia Cambogia + L-Carnitia + T\u00e9 Verde | 180 C\u00c1PSULAS \u2013 QUALNAT - Adelgaza Chile","isPartOf":{"@id":"https:\/\/adelgazachile.com\/chile\/#website"},"primaryImageOfPage":{"@id":"https:\/\/adelgazachile.com\/chile\/producto\/garcinia-cambogia-l-carnitia-te-verde-180-capsulas-qualnat\/#primaryimage"},"image":{"@id":"https:\/\/adelgazachile.com\/chile\/producto\/garcinia-cambogia-l-carnitia-te-verde-180-capsulas-qualnat\/#primaryimage"},"thumbnailUrl":"https:\/\/adelgazachile.com\/chile\/wp-content\/uploads\/2024\/07\/garnbacambogiane.jpg","datePublished":"2024-07-22T17:33:01+00:00","dateModified":"2024-07-22T17:33:56+00:00","breadcrumb":{"@id":"https:\/\/adelgazachile.com\/chile\/producto\/garcinia-cambogia-l-carnitia-te-verde-180-capsulas-qualnat\/#breadcrumb"},"inLanguage":"es","potentialAction":[{"@type":"ReadAction","target":["https:\/\/adelgazachile.com\/chile\/producto\/garcinia-cambogia-l-carnitia-te-verde-180-capsulas-qualnat\/"]}]},{"@type":"ImageObject","inLanguage":"es","@id":"https:\/\/adelgazachile.com\/chile\/producto\/garcinia-cambogia-l-carnitia-te-verde-180-capsulas-qualnat\/#primaryimage","url":"https:\/\/adelgazachile.com\/chile\/wp-content\/uploads\/2024\/07\/garnbacambogiane.jpg","contentUrl":"https:\/\/adelgazachile.com\/chile\/wp-content\/uploads\/2024\/07\/garnbacambogiane.jpg","width":1024,"height":1024},{"@type":"BreadcrumbList","@id":"https:\/\/adelgazachile.com\/chile\/producto\/garcinia-cambogia-l-carnitia-te-verde-180-capsulas-qualnat\/#breadcrumb","itemListElement":[{"@type":"ListItem","position":1,"name":"Portada","item":"https:\/\/adelgazachile.com\/chile\/"},{"@type":"ListItem","position":2,"name":"Tienda","item":"https:\/\/adelgazachile.com\/chile\/tienda\/"},{"@type":"ListItem","position":3,"name":"Garcinia Cambogia + L-Carnitia + T\u00e9 Verde | 180 C\u00c1PSULAS \u2013 QUALNAT"}]},{"@type":"WebSite","@id":"https:\/\/adelgazachile.com\/chile\/#website","url":"https:\/\/adelgazachile.com\/chile\/","name":"Adelgaza Per\u00fa","description":"Personas que ayudan Personas","publisher":{"@id":"https:\/\/adelgazachile.com\/chile\/#organization"},"potentialAction":[{"@type":"SearchAction","target":{"@type":"EntryPoint","urlTemplate":"https:\/\/adelgazachile.com\/chile\/?s={search_term_string}"},"query-input":{"@type":"PropertyValueSpecification","valueRequired":true,"valueName":"search_term_string"}}],"inLanguage":"es"},{"@type":"Organization","@id":"https:\/\/adelgazachile.com\/chile\/#organization","name":"Adelgaza Per\u00fa","url":"https:\/\/adelgazachile.com\/chile\/","logo":{"@type":"ImageObject","inLanguage":"es","@id":"https:\/\/adelgazachile.com\/chile\/#\/schema\/logo\/image\/","url":"https:\/\/adelgazachile.com\/chile\/wp-content\/uploads\/2020\/10\/logo1.png","contentUrl":"https:\/\/adelgazachile.com\/chile\/wp-content\/uploads\/2020\/10\/logo1.png","width":2683,"height":970,"caption":"Adelgaza Per\u00fa"},"image":{"@id":"https:\/\/adelgazachile.com\/chile\/#\/schema\/logo\/image\/"},"sameAs":["https:\/\/www.facebook.com\/AdelgazaPeruOficial","https:\/\/www.instagram.com\/adelgazaperuoficial\/","https:\/\/www.youtube.com\/c\/AdelgazaPerOficial","https:\/\/www.tiktok.com\/@adelgazaperuoficial"],"description":"Adelgaza Per\u00fa con 8 a\u00f1os de trayectoria ofrece soluciones personalizadas para la p\u00e9rdida de peso, ayudando a miles de personas a alcanzar sus metas de manera efectiva.","email":"calidad@adelgazaperu.pe","telephone":"01 7397149","legalName":"Adelgaza Per\u00fa"}]}},"_links":{"self":[{"href":"https:\/\/adelgazachile.com\/chile\/wp-json\/wp\/v2\/product\/8736","targetHints":{"allow":["GET"]}}],"collection":[{"href":"https:\/\/adelgazachile.com\/chile\/wp-json\/wp\/v2\/product"}],"about":[{"href":"https:\/\/adelgazachile.com\/chile\/wp-json\/wp\/v2\/types\/product"}],"replies":[{"embeddable":true,"href":"https:\/\/adelgazachile.com\/chile\/wp-json\/wp\/v2\/comments?post=8736"}],"version-history":[{"count":0,"href":"https:\/\/adelgazachile.com\/chile\/wp-json\/wp\/v2\/product\/8736\/revisions"}],"wp:featuredmedia":[{"embeddable":true,"href":"https:\/\/adelgazachile.com\/chile\/wp-json\/wp\/v2\/media\/8796"}],"wp:attachment":[{"href":"https:\/\/adelgazachile.com\/chile\/wp-json\/wp\/v2\/media?parent=8736"}],"wp:term":[{"taxonomy":"product_cat","embeddable":true,"href":"https:\/\/adelgazachile.com\/chile\/wp-json\/wp\/v2\/product_cat?post=8736"},{"taxonomy":"product_tag","embeddable":true,"href":"https:\/\/adelgazachile.com\/chile\/wp-json\/wp\/v2\/product_tag?post=8736"}],"curies":[{"name":"wp","href":"https:\/\/api.w.org\/{rel}","templated":true}]}}