{"id":8737,"date":"2024-07-22T17:33:01","date_gmt":"2024-07-22T17:33:01","guid":{"rendered":"https:\/\/adelgazachile.com\/chile\/?post_type=product&#038;p=8737"},"modified":"2024-07-22T17:33:57","modified_gmt":"2024-07-22T17:33:57","slug":"ultrafem-x-66-capsulas","status":"publish","type":"product","link":"https:\/\/adelgazachile.com\/chile\/producto\/ultrafem-x-66-capsulas\/","title":{"rendered":"Ultrafem x 66 c\u00e1psulas"},"content":{"rendered":"","protected":false},"excerpt":{"rendered":"<p>\u2714\ufe0f ULTRA FEM de FIT-FEM es un movilizador de grasa dise\u00f1ado espec\u00edficamente para el organismo de la mujer, ayud\u00e1ndote no solo a deshacerte de esa grasa de m\u00e1s sino tambi\u00e9n a controlar el apetito, poniendo freno a esos antojos entre comidas. ULTRA FEM como termog\u00e9nico elevar\u00e1 los niveles de energ\u00eda por lo que te sentir\u00e1s m\u00e1s activa durante todo el d\u00eda.<\/p>\n<p>\u2714\ufe0f FIT-FEM la marca N\u00b01 en nutrici\u00f3n femenina ha dise\u00f1ado ULTRA FEM para la mujer de hoy, activa con necesidad de energ\u00eda para el d\u00eda a d\u00eda y a la vez con ganas de eliminar esa grasa indeseable. Gracias a sus ingredientes claves como la garcinia cambogia, la cual contiene altas cantidades de HCA lo que incrementa dram\u00e1ticamente la p\u00e9rdida de peso, que tambi\u00e9n ayuda a prevenir y combatir las estr\u00edas, adem\u00e1s de la cafe\u00edna, con la cual sentir\u00e1s un aumento de energ\u00eda durante tu entrenamiento, vitamina B6 el cual contribuye beneficiosamente al sistema nervioso, la fibra insoluble nos dar\u00e1 una mayor sensaci\u00f3n de saciedad, controlando el apetito; la L-Carnitina nos ayudara a eliminar esos molestos \u201crollos\u201d de manera natural transformando la grasa en energ\u00eda.<\/p>\n<p>\u2714\ufe0f Contenido alto de cafe\u00edna.<\/p>\n<p>\u2714\ufe0f Ayuda a tonificar<br \/>\n\u2714\ufe0f Energ\u00eda al M\u00e1ximo<br \/>\n\u2714\ufe0f Movilizador de Grasa<br \/>\n\u2714\ufe0f Ayuda a controlar el apetito poniendo<br \/>\n\u2714\ufe0f freno a esos antojos entre comidas.<\/p>\n","protected":false},"featured_media":8798,"comment_status":"open","ping_status":"closed","template":"","meta":{"_joinchat":[]},"product_cat":[133],"product_tag":[],"class_list":{"0":"post-8737","1":"product","2":"type-product","3":"status-publish","4":"has-post-thumbnail","6":"product_cat-supresores-de-apetito","9":"instock","10":"shipping-taxable","11":"purchasable","12":"product-type-simple"},"yoast_head":"<!-- This site is optimized with the Yoast SEO Premium plugin v22.2 (Yoast SEO v23.9) - https:\/\/yoast.com\/wordpress\/plugins\/seo\/ -->\n<title>Ultrafem x 66 c\u00e1psulas - Adelgaza Chile<\/title>\n<meta name=\"robots\" content=\"index, follow, max-snippet:-1, max-image-preview:large, max-video-preview:-1\" \/>\n<link rel=\"canonical\" href=\"https:\/\/adelgazachile.com\/chile\/producto\/ultrafem-x-66-capsulas\/\" \/>\n<meta property=\"og:locale\" content=\"es_ES\" \/>\n<meta property=\"og:type\" content=\"article\" \/>\n<meta property=\"og:title\" content=\"Ultrafem x 66 c\u00e1psulas\" \/>\n<meta property=\"og:description\" content=\"\u2714\ufe0f ULTRA FEM de FIT-FEM es un movilizador de grasa dise\u00f1ado espec\u00edficamente para el organismo de la mujer, ayud\u00e1ndote no solo a deshacerte de esa grasa de m\u00e1s sino tambi\u00e9n a controlar el apetito, poniendo freno a esos antojos entre comidas. ULTRA FEM como termog\u00e9nico elevar\u00e1 los niveles de energ\u00eda por lo que te sentir\u00e1s m\u00e1s activa durante todo el d\u00eda.  \u2714\ufe0f FIT-FEM la marca N\u00b01 en nutrici\u00f3n femenina ha dise\u00f1ado ULTRA FEM para la mujer de hoy, activa con necesidad de energ\u00eda para el d\u00eda a d\u00eda y a la vez con ganas de eliminar esa grasa indeseable. Gracias a sus ingredientes claves como la garcinia cambogia, la cual contiene altas cantidades de HCA lo que incrementa dram\u00e1ticamente la p\u00e9rdida de peso, que tambi\u00e9n ayuda a prevenir y combatir las estr\u00edas, adem\u00e1s de la cafe\u00edna, con la cual sentir\u00e1s un aumento de energ\u00eda durante tu entrenamiento, vitamina B6 el cual contribuye beneficiosamente al sistema nervioso, la fibra insoluble nos dar\u00e1 una mayor sensaci\u00f3n de saciedad, controlando el apetito; la L-Carnitina nos ayudara a eliminar esos molestos \u201crollos\u201d de manera natural transformando la grasa en energ\u00eda.  \u2714\ufe0f Contenido alto de cafe\u00edna.  \u2714\ufe0f Ayuda a tonificar \u2714\ufe0f Energ\u00eda al M\u00e1ximo \u2714\ufe0f Movilizador de Grasa \u2714\ufe0f Ayuda a controlar el apetito poniendo \u2714\ufe0f freno a esos antojos entre comidas.\" \/>\n<meta property=\"og:url\" content=\"https:\/\/adelgazachile.com\/chile\/producto\/ultrafem-x-66-capsulas\/\" \/>\n<meta property=\"og:site_name\" content=\"Adelgaza Chile\" \/>\n<meta property=\"article:publisher\" content=\"https:\/\/www.facebook.com\/AdelgazaPeruOficial\" \/>\n<meta property=\"article:modified_time\" content=\"2024-07-22T17:33:57+00:00\" \/>\n<meta property=\"og:image\" content=\"https:\/\/adelgazachile.com\/chile\/adelgazaperu\/http:\/\/adelgazachile.com\/chile\/adelgazaperu\/wp-content\/uploads\/2024\/07\/ultra.jpg\" \/>\n\t<meta property=\"og:image:width\" content=\"1024\" \/>\n\t<meta property=\"og:image:height\" content=\"1024\" \/>\n\t<meta property=\"og:image:type\" content=\"image\/jpeg\" \/>\n<meta name=\"twitter:card\" content=\"summary_large_image\" \/>\n<script type=\"application\/ld+json\" class=\"yoast-schema-graph\">{\"@context\":\"https:\/\/schema.org\",\"@graph\":[{\"@type\":\"WebPage\",\"@id\":\"https:\/\/adelgazachile.com\/chile\/producto\/ultrafem-x-66-capsulas\/\",\"url\":\"https:\/\/adelgazachile.com\/chile\/producto\/ultrafem-x-66-capsulas\/\",\"name\":\"Ultrafem x 66 c\u00e1psulas - Adelgaza Chile\",\"isPartOf\":{\"@id\":\"https:\/\/adelgazachile.com\/chile\/#website\"},\"primaryImageOfPage\":{\"@id\":\"https:\/\/adelgazachile.com\/chile\/producto\/ultrafem-x-66-capsulas\/#primaryimage\"},\"image\":{\"@id\":\"https:\/\/adelgazachile.com\/chile\/producto\/ultrafem-x-66-capsulas\/#primaryimage\"},\"thumbnailUrl\":\"https:\/\/adelgazachile.com\/chile\/wp-content\/uploads\/2024\/07\/ultra.jpg\",\"datePublished\":\"2024-07-22T17:33:01+00:00\",\"dateModified\":\"2024-07-22T17:33:57+00:00\",\"breadcrumb\":{\"@id\":\"https:\/\/adelgazachile.com\/chile\/producto\/ultrafem-x-66-capsulas\/#breadcrumb\"},\"inLanguage\":\"es\",\"potentialAction\":[{\"@type\":\"ReadAction\",\"target\":[\"https:\/\/adelgazachile.com\/chile\/producto\/ultrafem-x-66-capsulas\/\"]}]},{\"@type\":\"ImageObject\",\"inLanguage\":\"es\",\"@id\":\"https:\/\/adelgazachile.com\/chile\/producto\/ultrafem-x-66-capsulas\/#primaryimage\",\"url\":\"https:\/\/adelgazachile.com\/chile\/wp-content\/uploads\/2024\/07\/ultra.jpg\",\"contentUrl\":\"https:\/\/adelgazachile.com\/chile\/wp-content\/uploads\/2024\/07\/ultra.jpg\",\"width\":1024,\"height\":1024},{\"@type\":\"BreadcrumbList\",\"@id\":\"https:\/\/adelgazachile.com\/chile\/producto\/ultrafem-x-66-capsulas\/#breadcrumb\",\"itemListElement\":[{\"@type\":\"ListItem\",\"position\":1,\"name\":\"Portada\",\"item\":\"https:\/\/adelgazachile.com\/chile\/\"},{\"@type\":\"ListItem\",\"position\":2,\"name\":\"Tienda\",\"item\":\"https:\/\/adelgazachile.com\/chile\/tienda\/\"},{\"@type\":\"ListItem\",\"position\":3,\"name\":\"Ultrafem x 66 c\u00e1psulas\"}]},{\"@type\":\"WebSite\",\"@id\":\"https:\/\/adelgazachile.com\/chile\/#website\",\"url\":\"https:\/\/adelgazachile.com\/chile\/\",\"name\":\"Adelgaza Per\u00fa\",\"description\":\"Personas que ayudan Personas\",\"publisher\":{\"@id\":\"https:\/\/adelgazachile.com\/chile\/#organization\"},\"potentialAction\":[{\"@type\":\"SearchAction\",\"target\":{\"@type\":\"EntryPoint\",\"urlTemplate\":\"https:\/\/adelgazachile.com\/chile\/?s={search_term_string}\"},\"query-input\":{\"@type\":\"PropertyValueSpecification\",\"valueRequired\":true,\"valueName\":\"search_term_string\"}}],\"inLanguage\":\"es\"},{\"@type\":\"Organization\",\"@id\":\"https:\/\/adelgazachile.com\/chile\/#organization\",\"name\":\"Adelgaza Per\u00fa\",\"url\":\"https:\/\/adelgazachile.com\/chile\/\",\"logo\":{\"@type\":\"ImageObject\",\"inLanguage\":\"es\",\"@id\":\"https:\/\/adelgazachile.com\/chile\/#\/schema\/logo\/image\/\",\"url\":\"https:\/\/adelgazachile.com\/chile\/wp-content\/uploads\/2020\/10\/logo1.png\",\"contentUrl\":\"https:\/\/adelgazachile.com\/chile\/wp-content\/uploads\/2020\/10\/logo1.png\",\"width\":2683,\"height\":970,\"caption\":\"Adelgaza Per\u00fa\"},\"image\":{\"@id\":\"https:\/\/adelgazachile.com\/chile\/#\/schema\/logo\/image\/\"},\"sameAs\":[\"https:\/\/www.facebook.com\/AdelgazaPeruOficial\",\"https:\/\/www.instagram.com\/adelgazaperuoficial\/\",\"https:\/\/www.youtube.com\/c\/AdelgazaPerOficial\",\"https:\/\/www.tiktok.com\/@adelgazaperuoficial\"],\"description\":\"Adelgaza Per\u00fa con 8 a\u00f1os de trayectoria ofrece soluciones personalizadas para la p\u00e9rdida de peso, ayudando a miles de personas a alcanzar sus metas de manera efectiva.\",\"email\":\"calidad@adelgazaperu.pe\",\"telephone\":\"01 7397149\",\"legalName\":\"Adelgaza Per\u00fa\"}]}<\/script>\n<!-- \/ Yoast SEO Premium plugin. -->","yoast_head_json":{"title":"Ultrafem x 66 c\u00e1psulas - Adelgaza Chile","robots":{"index":"index","follow":"follow","max-snippet":"max-snippet:-1","max-image-preview":"max-image-preview:large","max-video-preview":"max-video-preview:-1"},"canonical":"https:\/\/adelgazachile.com\/chile\/producto\/ultrafem-x-66-capsulas\/","og_locale":"es_ES","og_type":"article","og_title":"Ultrafem x 66 c\u00e1psulas","og_description":"\u2714\ufe0f ULTRA FEM de FIT-FEM es un movilizador de grasa dise\u00f1ado espec\u00edficamente para el organismo de la mujer, ayud\u00e1ndote no solo a deshacerte de esa grasa de m\u00e1s sino tambi\u00e9n a controlar el apetito, poniendo freno a esos antojos entre comidas. ULTRA FEM como termog\u00e9nico elevar\u00e1 los niveles de energ\u00eda por lo que te sentir\u00e1s m\u00e1s activa durante todo el d\u00eda.  \u2714\ufe0f FIT-FEM la marca N\u00b01 en nutrici\u00f3n femenina ha dise\u00f1ado ULTRA FEM para la mujer de hoy, activa con necesidad de energ\u00eda para el d\u00eda a d\u00eda y a la vez con ganas de eliminar esa grasa indeseable. Gracias a sus ingredientes claves como la garcinia cambogia, la cual contiene altas cantidades de HCA lo que incrementa dram\u00e1ticamente la p\u00e9rdida de peso, que tambi\u00e9n ayuda a prevenir y combatir las estr\u00edas, adem\u00e1s de la cafe\u00edna, con la cual sentir\u00e1s un aumento de energ\u00eda durante tu entrenamiento, vitamina B6 el cual contribuye beneficiosamente al sistema nervioso, la fibra insoluble nos dar\u00e1 una mayor sensaci\u00f3n de saciedad, controlando el apetito; la L-Carnitina nos ayudara a eliminar esos molestos \u201crollos\u201d de manera natural transformando la grasa en energ\u00eda.  \u2714\ufe0f Contenido alto de cafe\u00edna.  \u2714\ufe0f Ayuda a tonificar \u2714\ufe0f Energ\u00eda al M\u00e1ximo \u2714\ufe0f Movilizador de Grasa \u2714\ufe0f Ayuda a controlar el apetito poniendo \u2714\ufe0f freno a esos antojos entre comidas.","og_url":"https:\/\/adelgazachile.com\/chile\/producto\/ultrafem-x-66-capsulas\/","og_site_name":"Adelgaza Chile","article_publisher":"https:\/\/www.facebook.com\/AdelgazaPeruOficial","article_modified_time":"2024-07-22T17:33:57+00:00","og_image":[{"width":1024,"height":1024,"url":"https:\/\/adelgazachile.com\/chile\/adelgazaperu\/http:\/\/adelgazachile.com\/chile\/adelgazaperu\/wp-content\/uploads\/2024\/07\/ultra.jpg","type":"image\/jpeg"}],"twitter_card":"summary_large_image","schema":{"@context":"https:\/\/schema.org","@graph":[{"@type":"WebPage","@id":"https:\/\/adelgazachile.com\/chile\/producto\/ultrafem-x-66-capsulas\/","url":"https:\/\/adelgazachile.com\/chile\/producto\/ultrafem-x-66-capsulas\/","name":"Ultrafem x 66 c\u00e1psulas - Adelgaza Chile","isPartOf":{"@id":"https:\/\/adelgazachile.com\/chile\/#website"},"primaryImageOfPage":{"@id":"https:\/\/adelgazachile.com\/chile\/producto\/ultrafem-x-66-capsulas\/#primaryimage"},"image":{"@id":"https:\/\/adelgazachile.com\/chile\/producto\/ultrafem-x-66-capsulas\/#primaryimage"},"thumbnailUrl":"https:\/\/adelgazachile.com\/chile\/wp-content\/uploads\/2024\/07\/ultra.jpg","datePublished":"2024-07-22T17:33:01+00:00","dateModified":"2024-07-22T17:33:57+00:00","breadcrumb":{"@id":"https:\/\/adelgazachile.com\/chile\/producto\/ultrafem-x-66-capsulas\/#breadcrumb"},"inLanguage":"es","potentialAction":[{"@type":"ReadAction","target":["https:\/\/adelgazachile.com\/chile\/producto\/ultrafem-x-66-capsulas\/"]}]},{"@type":"ImageObject","inLanguage":"es","@id":"https:\/\/adelgazachile.com\/chile\/producto\/ultrafem-x-66-capsulas\/#primaryimage","url":"https:\/\/adelgazachile.com\/chile\/wp-content\/uploads\/2024\/07\/ultra.jpg","contentUrl":"https:\/\/adelgazachile.com\/chile\/wp-content\/uploads\/2024\/07\/ultra.jpg","width":1024,"height":1024},{"@type":"BreadcrumbList","@id":"https:\/\/adelgazachile.com\/chile\/producto\/ultrafem-x-66-capsulas\/#breadcrumb","itemListElement":[{"@type":"ListItem","position":1,"name":"Portada","item":"https:\/\/adelgazachile.com\/chile\/"},{"@type":"ListItem","position":2,"name":"Tienda","item":"https:\/\/adelgazachile.com\/chile\/tienda\/"},{"@type":"ListItem","position":3,"name":"Ultrafem x 66 c\u00e1psulas"}]},{"@type":"WebSite","@id":"https:\/\/adelgazachile.com\/chile\/#website","url":"https:\/\/adelgazachile.com\/chile\/","name":"Adelgaza Per\u00fa","description":"Personas que ayudan Personas","publisher":{"@id":"https:\/\/adelgazachile.com\/chile\/#organization"},"potentialAction":[{"@type":"SearchAction","target":{"@type":"EntryPoint","urlTemplate":"https:\/\/adelgazachile.com\/chile\/?s={search_term_string}"},"query-input":{"@type":"PropertyValueSpecification","valueRequired":true,"valueName":"search_term_string"}}],"inLanguage":"es"},{"@type":"Organization","@id":"https:\/\/adelgazachile.com\/chile\/#organization","name":"Adelgaza Per\u00fa","url":"https:\/\/adelgazachile.com\/chile\/","logo":{"@type":"ImageObject","inLanguage":"es","@id":"https:\/\/adelgazachile.com\/chile\/#\/schema\/logo\/image\/","url":"https:\/\/adelgazachile.com\/chile\/wp-content\/uploads\/2020\/10\/logo1.png","contentUrl":"https:\/\/adelgazachile.com\/chile\/wp-content\/uploads\/2020\/10\/logo1.png","width":2683,"height":970,"caption":"Adelgaza Per\u00fa"},"image":{"@id":"https:\/\/adelgazachile.com\/chile\/#\/schema\/logo\/image\/"},"sameAs":["https:\/\/www.facebook.com\/AdelgazaPeruOficial","https:\/\/www.instagram.com\/adelgazaperuoficial\/","https:\/\/www.youtube.com\/c\/AdelgazaPerOficial","https:\/\/www.tiktok.com\/@adelgazaperuoficial"],"description":"Adelgaza Per\u00fa con 8 a\u00f1os de trayectoria ofrece soluciones personalizadas para la p\u00e9rdida de peso, ayudando a miles de personas a alcanzar sus metas de manera efectiva.","email":"calidad@adelgazaperu.pe","telephone":"01 7397149","legalName":"Adelgaza Per\u00fa"}]}},"_links":{"self":[{"href":"https:\/\/adelgazachile.com\/chile\/wp-json\/wp\/v2\/product\/8737","targetHints":{"allow":["GET"]}}],"collection":[{"href":"https:\/\/adelgazachile.com\/chile\/wp-json\/wp\/v2\/product"}],"about":[{"href":"https:\/\/adelgazachile.com\/chile\/wp-json\/wp\/v2\/types\/product"}],"replies":[{"embeddable":true,"href":"https:\/\/adelgazachile.com\/chile\/wp-json\/wp\/v2\/comments?post=8737"}],"version-history":[{"count":0,"href":"https:\/\/adelgazachile.com\/chile\/wp-json\/wp\/v2\/product\/8737\/revisions"}],"wp:featuredmedia":[{"embeddable":true,"href":"https:\/\/adelgazachile.com\/chile\/wp-json\/wp\/v2\/media\/8798"}],"wp:attachment":[{"href":"https:\/\/adelgazachile.com\/chile\/wp-json\/wp\/v2\/media?parent=8737"}],"wp:term":[{"taxonomy":"product_cat","embeddable":true,"href":"https:\/\/adelgazachile.com\/chile\/wp-json\/wp\/v2\/product_cat?post=8737"},{"taxonomy":"product_tag","embeddable":true,"href":"https:\/\/adelgazachile.com\/chile\/wp-json\/wp\/v2\/product_tag?post=8737"}],"curies":[{"name":"wp","href":"https:\/\/api.w.org\/{rel}","templated":true}]}}